{"id":3504,"date":"2025-10-19T07:29:49","date_gmt":"2025-10-19T07:29:49","guid":{"rendered":"https:\/\/www.chiecbepamap.com\/amap\/?product=qua-tang-tet-trung-thu"},"modified":"2025-11-23T15:01:54","modified_gmt":"2025-11-23T15:01:54","slug":"qua-tang-tet-trung-thu","status":"publish","type":"product","link":"https:\/\/www.chiecbepamap.com\/amap\/?product=qua-tang-tet-trung-thu","title":{"rendered":"Qu\u00e0 T\u1eb7ng T\u1ebft Trung Thu 2024"},"content":{"rendered":"<p>T\u01b0ng B\u1eebng L\u1ec5 H\u1ed9i Tr\u0103ng R\u1eb1m V\u1edbi H\u1ed9p Qu\u00e0 T\u1eb7ng \u0110\u1eb7c Bi\u1ec7t Ch\u1ec9 T\u1eeb 293k!!! \ud83c\udf81\ud83c\udf81<\/p>\n<p>\u2018\u2019Tr\u0103ng tr\u00f2n ch\u1ec9 c\u00f3 \u0111\u00eam r\u1eb1m<br \/>\nT\u00ecnh ta th\u00e1ng th\u00e1ng, n\u0103m n\u0103m v\u1eabn tr\u00f2n\u2026\u2019\u2019\u2019<br \/>\nTr\u0103ng tr\u00f2n nh\u1ea5t v\u00e0o m\u00f9a thu c\u0169ng l\u00e0 th\u1eddi \u0111i\u1ec3m \u0111\u1ec3 m\u1ecdi ng\u01b0\u1eddi sum h\u1ecdp, T\u1ebft Trung Thu lu\u00f4n l\u00e0 m\u1ed9t d\u1ecbp \u0111\u1ec3 k\u1ebft n\u1ed1i y\u00eau th\u01b0\u01a1ng, \u0111\u1ec3 ch\u00fang ta trao nhau nh\u1eefng m\u00f3n qu\u00e0 \u00fd ngh\u0129a th\u1ec3 hi\u1ec7n s\u1ef1 quan t\u00e2m, t\u00ecnh c\u1ea3m ch\u00e2n th\u00e0nh \u0111\u1ebfn gia \u0111\u00ecnh, b\u1ea1n b\u00e8 v\u00e0 nh\u1eefng ng\u01b0\u1eddi m\u00ecnh qu\u00fd m\u1ebfn.<\/p>\n<p>B\u1ebfp \u1ea4m \u00c1p ra m\u1eaft BST \u2018\u2019 Tr\u0103ng To\u1ea3 \u0110\u00eam R\u1eb1m\u2019\u2019 v\u1edbi 8 H\u1ed9p Qu\u00e0 T\u1eb7ng ch\u1ea5t l\u01b0\u1ee3ng v\u00e0 tr\u1ecdn v\u1eb9n h\u01b0\u01a1ng v\u1ecb :<\/p>\n<p>1\/ H\u1ed9p qu\u00e0 V\u1ecb Tr\u0103ng ( 399.000).<br \/>\n&#8211; B\u00e1nh Trung Thu Th\u1eadp C\u1ea9m \u0110\u1eb7c Bi\u1ec7t (150gr).<br \/>\n&#8211; B\u00e1nh Trung Thu \u0110\u1eadu Xanh Tr\u1ee9ng Mu\u1ed1i (150gr).<br \/>\n&#8211; B\u00e1nh Trung Thu Tr\u00e0 Xanh H\u1ea1t \u0110i\u1ec1u (150gr).<br \/>\n&#8211; B\u00e1nh Trung Thu Xo\u00e0i C\u00e1t T\u1ee9 V\u1ecb (150gr).<br \/>\n&#8211; B\u1ed9 dao v\u00e0 4 n\u0129a nh\u1ecf.<br \/>\n&#8211; B\u1ed9 h\u1ed9p m\u00e0nh tre v\u00e0 t\u00fai v\u1ea3i sang tr\u1ecdng.<\/p>\n<p>2\/ H\u1ed9p qu\u00e0 H\u01b0\u01a1ng Tr\u0103ng ( 385.000).<br \/>\n&#8211; B\u00e1nh Trung Thu Th\u1eadp C\u1ea9m \u0110\u1eb7c Bi\u1ec7t (150gr).<br \/>\n&#8211; B\u00e1nh Trung Thu D\u01b0\u1ee1ng Nhan H\u1ea1t Chia (150gr).<br \/>\n&#8211; B\u00e1nh Trung Thu H\u1ed3ng \u0110\u1eadu \u00d3c Ch\u00f3 Mochi (150gr).<br \/>\n&#8211; H\u1ed3ng Hoa Ng\u1ef1 Tr\u00e0 ( 100gr).<br \/>\n&#8211; B\u1ed9 dao v\u00e0 4 n\u0129a nh\u1ecf.<br \/>\n&#8211; B\u1ed9 h\u1ed9p m\u00e0nh tre v\u00e0 t\u00fai v\u1ea3i sang tr\u1ecdng.<\/p>\n<p>3\/ H\u1ed9p qu\u00e0 Tr\u0103ng Sen (311.000).<br \/>\n&#8211; B\u00e1nh Trung Thu M\u01a1 H\u1ea1nh Qu\u1ea3 M\u1ecdng (150gr).<br \/>\n&#8211; B\u00e1nh Trung Thu Tr\u00e0 Xanh H\u1ea1t \u0110i\u1ec1u (150gr).<br \/>\n&#8211; Li\u00ean Hoa Ng\u1ef1 tr\u00e0 (5 hoa)<br \/>\n&#8211; B\u1ed9 dao v\u00e0 4 n\u0129a nh\u1ecf.<br \/>\n&#8211; B\u1ed9 h\u1ed9p m\u00e0nh tre v\u00e0 t\u00fai v\u1ea3i sang tr\u1ecdng.<\/p>\n<p>4\/ H\u1ed9p qu\u00e0 \u00d4ng Sao (387.000).<br \/>\n&#8211; B\u00e1nh Trung Thu Th\u1eadp C\u1ea9m \u0110\u1eb7c Bi\u1ec7t (150gr).<br \/>\n&#8211; B\u00e1nh Trung Thu \u0110\u1eadu Xanh Tr\u1ee9ng Mu\u1ed1i (150gr).<br \/>\n&#8211; M\u1eadt Ong Hoa D\u1eeba Thi\u00ean Nhi\u00ean (330ml).<br \/>\n&#8211; B\u1ed9 dao v\u00e0 4 n\u0129a nh\u1ecf.<br \/>\n&#8211; B\u1ed9 h\u1ed9p m\u00e0nh tre v\u00e0 t\u00fai v\u1ea3i sang tr\u1ecdng.<\/p>\n<p>5\/ H\u1ed9p qu\u00e0 B\u00f3ng Tr\u0103ng (293.000).<br \/>\n&#8211; B\u00e1nh Trung Thu D\u01b0\u1ee1ng Nhan H\u1ea1t Chia (150gr).<br \/>\n&#8211; B\u00e1nh Trung Thu M\u01a1 H\u1ea1nh Qu\u1ea3 M\u1ecdng (150gr).<br \/>\n&#8211; M\u1eadt C\u1ed1t Nho Ninh Thu\u1eadn (330ml).<br \/>\n&#8211; B\u1ed9 dao v\u00e0 4 n\u0129a nh\u1ecf.<br \/>\n&#8211; B\u1ed9 h\u1ed9p m\u00e0nh tre v\u00e0 t\u00fai v\u1ea3i sang tr\u1ecdng.<\/p>\n<p>6\/ H\u1ed9p qu\u00e0 Th\u01b0\u1edfng Tr\u0103ng (467.000).<br \/>\n&#8211; B\u00e1nh Trung Thu Th\u1eadp C\u1ea9m \u0110\u1eb7c Bi\u1ec7t (150gr).<br \/>\n&#8211; B\u00e1nh Trung Thu \u0110\u1eadu Xanh Tr\u1ee9ng Mu\u1ed1i (150gr).<br \/>\n&#8211; B\u00e1nh Trung Thu Socola Lava Macca (150gr).<br \/>\n&#8211; B\u00e1nh Trung Thu Tr\u00e0 Xanh H\u1ea1t \u0110i\u1ec1u (150gr).<br \/>\n&#8211; Li\u00ean Hoa Ng\u1ef1 Tr\u00e0 (5 hoa).<br \/>\n&#8211; B\u1ed9 dao v\u00e0 4 n\u0129a nh\u1ecf.<br \/>\n&#8211; B\u1ed9 h\u1ed9p m\u00e0nh tre v\u00e0 t\u00fai v\u1ea3i sang tr\u1ecdng.<\/p>\n<p>7\/ H\u1ed9p qu\u00e0 \u00d4m Tr\u0103ng (559.000).<br \/>\n&#8211; B\u00e1nh Trung Thu Th\u1eadp C\u1ea9m \u0110\u1eb7c Bi\u1ec7t (150gr).<br \/>\n&#8211; B\u00e1nh Trung Thu Socola Lava Macca (150gr).<br \/>\n&#8211; B\u00e1nh Trung Thu Tr\u00e0 Xanh H\u1ea1t \u0110i\u1ec1u (150gr).<br \/>\n&#8211; B\u00e1nh Trung Thu D\u01b0\u1ee1ng Nhan H\u1ea1t Chia (150gr).<br \/>\n&#8211; B\u00e1nh Trung Thu Xo\u00e0i C\u00e1t T\u1ee9 V\u1ecb (150gr).<br \/>\n&#8211; B\u00e1nh Trung Thu H\u1ed3ng \u0110\u1eadu \u00d3c Ch\u00f3 Mochi (150gr).<br \/>\n&#8211; B\u1ed9 dao v\u00e0 4 n\u0129a nh\u1ecf.<br \/>\n&#8211; B\u1ed9 h\u1ed9p m\u00e0nh tre v\u00e0 t\u00fai v\u1ea3i sang tr\u1ecdng.<\/p>\n<p>8\/ H\u1ed9p qu\u00e0 R\u01b0\u1edbc \u0110\u00e8n (459.000).<br \/>\n&#8211; B\u00e1nh Trung Thu Th\u1eadp C\u1ea9m \u0110\u1eb7c Bi\u1ec7t (150gr).<br \/>\n&#8211; B\u00e1nh Trung Thu Xo\u00e0i C\u00e1t T\u1ee9 V\u1ecb (150gr).<br \/>\n&#8211; Li\u00ean Hoa Ng\u1ef1 Tr\u00e0 (5 hoa).<br \/>\n&#8211; M\u1eadt Ong Hoa D\u1eeba Thi\u00ean Nhi\u00ean (330ml).<br \/>\n&#8211; B\u1ed9 dao v\u00e0 4 n\u0129a nh\u1ecf.<br \/>\n&#8211; B\u1ed9 h\u1ed9p m\u00e0nh tre v\u00e0 t\u00fai v\u1ea3i sang tr\u1ecdng.<\/p>\n<p>\ufe0fTRUNG THU \u0110ANG \u0110\u1ebeN G\u1ea6N, C\u00d9NG B\u1ebeP \u1ea4M \u00c1P LAN TO\u1ea2 CH\u00c2N T\u00ccNH !<br \/>\n\u2b50 Chi\u1ebft kh\u1ea5u h\u1ea5p d\u1eabn cho kh\u00e1ch h\u00e0ng \u0111\u1eb7t h\u00e0ng s\u1ed1 l\u01b0\u1ee3ng l\u1edbn.<br \/>\n\u2b50 Qu\u00e0 t\u1eb7ng khi \u0111\u1eb7t h\u00e0ng s\u1edbm, h\u1eb9n ng\u00e0y B\u1ebfp giao !<br \/>\n\u2b50 \u0110a d\u1ea1ng c\u00e1c l\u1ef1a ch\u1ecdn cho kh\u00e1ch t\u1eeb: v\u1ecb b\u00e1nh, tr\u00e0 k\u00e8m b\u1ed9 t\u00fai h\u1ed9p qu\u00e0 ch\u1ec9nh chu.<\/p>\n<p>&#8212;&#8211;<br \/>\n\ud83d\udc49\ud83c\udffb B\u1ebfp \u1ea4m \u00c1p | \u0110\u1eb7c S\u1ea3n Thi\u00ean Nhi\u00ean Vi\u1ec7t Nam<br \/>\n\ud83d\udcde Hotline, zalo: 0388 93 39 79<br \/>\nShopee: https:\/\/vn.shp.ee\/q8bdokN<br \/>\nFanpage: https:\/\/www.facebook.com\/profile.php?id=61555411117085&amp;mibextid=kFxxJD<br \/>\n&#8212;&#8211;<\/p>\n","protected":false},"excerpt":{"rendered":"<p>Set b\u00e1nh trung thu<\/p>\n","protected":false},"featured_media":3676,"template":"","meta":[],"product_brand":[57],"product_cat":[25],"product_tag":[],"class_list":{"0":"post-3504","1":"product","2":"type-product","3":"status-publish","4":"has-post-thumbnail","6":"product_brand-amap-food","7":"product_cat-bo-qua-tang","9":"first","10":"outofstock","11":"taxable","12":"shipping-taxable","13":"product-type-variable"},"_links":{"self":[{"href":"https:\/\/www.chiecbepamap.com\/amap\/index.php?rest_route=\/wp\/v2\/product\/3504","targetHints":{"allow":["GET"]}}],"collection":[{"href":"https:\/\/www.chiecbepamap.com\/amap\/index.php?rest_route=\/wp\/v2\/product"}],"about":[{"href":"https:\/\/www.chiecbepamap.com\/amap\/index.php?rest_route=\/wp\/v2\/types\/product"}],"wp:featuredmedia":[{"embeddable":true,"href":"https:\/\/www.chiecbepamap.com\/amap\/index.php?rest_route=\/wp\/v2\/media\/3676"}],"wp:attachment":[{"href":"https:\/\/www.chiecbepamap.com\/amap\/index.php?rest_route=%2Fwp%2Fv2%2Fmedia&parent=3504"}],"wp:term":[{"taxonomy":"product_brand","embeddable":true,"href":"https:\/\/www.chiecbepamap.com\/amap\/index.php?rest_route=%2Fwp%2Fv2%2Fproduct_brand&post=3504"},{"taxonomy":"product_cat","embeddable":true,"href":"https:\/\/www.chiecbepamap.com\/amap\/index.php?rest_route=%2Fwp%2Fv2%2Fproduct_cat&post=3504"},{"taxonomy":"product_tag","embeddable":true,"href":"https:\/\/www.chiecbepamap.com\/amap\/index.php?rest_route=%2Fwp%2Fv2%2Fproduct_tag&post=3504"}],"curies":[{"name":"wp","href":"https:\/\/api.w.org\/{rel}","templated":true}]}}