{"id":1961,"date":"2025-09-24T15:35:16","date_gmt":"2025-09-24T15:35:16","guid":{"rendered":"https:\/\/www.chiecbepamap.com\/amap\/?post_type=product&#038;p=1961"},"modified":"2025-10-18T14:34:15","modified_gmt":"2025-10-18T14:34:15","slug":"ca-gia-tay-toi-ot","status":"publish","type":"product","link":"https:\/\/www.chiecbepamap.com\/amap\/?product=ca-gia-tay-toi-ot","title":{"rendered":"C\u00e1 Gi\u00e3 Tay T\u1ecfi \u1edat"},"content":{"rendered":"<p>C\u00e1 t\u1ecfi \u1edbt gi\u00e3 tay kh\u00f4ng m\u1eb7n, th\u01a1m cay ng\u1ecdt th\u1ecbt, \u0111\u1eb7c s\u1ea3n v\u00f9ng cao H\u00e0 Giang t\u00fai 150g,300g,500g<\/p>\n<p>C\u00c1 GI\u00c3 TAY T\u1eceI \u1edaT &#8211; \u0110\u1eb6C S\u1ea2N V\u00d9NG CAO<\/p>\n<p>C\u00e1 n\u1ee5c n\u01b0\u1edbng gi\u00e3 mu\u1ed1i \u1edbt v\u1ecb \u0111\u1eadm \u0111\u00e0 v\u1edbi th\u1ecbt c\u00e1 dai dai,th\u01a1m m\u00f9i kh\u00f3i b\u1ebfp ho\u00e0 quy\u1ec7n v\u1ecb t\u00ea cay t\u1eeb \u1edbt, m\u00f9i h\u1ea1t d\u1ed5i, m\u1eafc kh\u00e9n r\u1ea5t b\u1eaft v\u1ecb. M\u00f3n \u0111\u1eb7c s\u1ea3n \u0111\u01b0\u1ee3c c\u00e1c \u0111\u1ed3ng b\u00e0o d\u00e2n t\u1ed9c th\u01b0\u1eddng l\u00e0m \u0111\u1ec3 mang theo l\u00ean n\u01b0\u01a1ng r\u1eaby, d\u00f9ng cho c\u00e1c b\u1eefa \u0103n h\u00e0ng ng\u00e0y v\u00ec r\u1ea5t ngon v\u00e0 ti\u1ec7n l\u1ee3i.<\/p>\n<p>\u01afU \u0110I\u1ec2M \u0110\u1eb6C BI\u1ec6T:<br \/>\nC\u00e1 n\u1ee5c kh\u00f4 ch\u1ecdn c\u00e1c con \u0111\u1ec1u nhau th\u00e2n d\u00e0y, th\u1ecbt ch\u1eafc, c\u00f2n nguy\u00ean \u0111u\u00f4i, m\u00e0u th\u1ecbt v\u00e0ng t\u1ef1 nhi\u00ean, s\u1edd v\u00e0o kh\u00f4 r\u00e1o, c\u00f3 m\u00f9i th\u01a1m \u0111\u1eb7c tr\u01b0ng. C\u00e1 kh\u00f4 sau khi n\u01b0\u1edbng than, \u0111\u01b0\u1ee3c t\u00e1ch x\u01b0\u01a1ng v\u00e0 x\u00e9 nh\u1ecf cho v\u00e0o c\u1ed1i,. th\u00eam ph\u1ea7n \u1edbt \u0111\u00e3 n\u01b0\u1edbng v\u00e0o c\u00f9ng rau m\u00f9i, l\u00e1 chanh, t\u1ecfi, h\u00e0nh kh\u00f4 n\u01b0\u1edbng, h\u1ea1t d\u1ed5i, m\u1eafc kh\u00e9n&#8230; r\u1ed3i d\u00f9ng ch\u00e0y gi\u00e3 \u0111\u1ec1u tay li\u00ean t\u1ee5c.<br \/>\nC\u00e1 \u0111\u01b0\u1ee3c gi\u00e3 tay, c\u00e1c c\u00f4ng \u0111o\u1ea1n l\u00e0m th\u1ee7 c\u00f4ng ho\u00e0n to\u00e0n.<br \/>\nKh\u00f4ng s\u1eed d\u1ee5ng th\u00eam b\u1ea5t k\u1ef3 gia v\u1ecb n\u00eam n\u00e0o, n\u00ean gi\u1eef tr\u1ecdn v\u1eb9n v\u1ecb ng\u1ecdt th\u1ecbt c\u00e1 c\u00f9ng h\u01b0\u01a1ng v\u1ecb \u0111\u1eb7c tr\u01b0ng nh\u1ea5t.<br \/>\nKh\u00f4ng s\u1eed d\u1ee5ng ch\u1ea5t b\u1ea3o qu\u1ea3n.<\/p>\n<p>C\u00d4NG D\u1ee4NG:<br \/>\nNgo\u00e0i cung c\u1ea5p cho con ng\u01b0\u1eddi ngu\u1ed3n n\u0103ng l\u01b0\u1ee3ng d\u1ed3i d\u00e0o, c\u00e1 n\u1ee5c c\u0169ng b\u1ed5 sung r\u1ea5t nhi\u1ec1u ch\u1ea5t dinh d\u01b0\u1ee1ng cho ch\u00fang ta nh\u01b0 ch\u1ea5t \u0111\u1ea1m, ch\u1ea5t b\u00e9o v\u00e0 n\u01b0\u1edbc, kho\u00e1ng ch\u1ea5t canxi\u2026<br \/>\nC\u1ea3i thi\u1ec7n h\u1ec7 ti\u00eau ho\u00e1, c\u00e1 n\u1ee5c c\u00f3 l\u01b0\u1ee3ng protein v\u1eeba ph\u1ea3i, d\u1ec5 h\u1ea5p th\u1ee5 v\u00e0 kh\u00f4ng l\u00e0m d\u1ea1 d\u00e0y b\u1ecb qu\u00e1 t\u1ea3i khi ti\u00eau h\u00f3a th\u1ee9c \u0103n.<br \/>\n\u0102n c\u00e1 n\u1ee5c r\u1ea5t t\u1ed1t cho h\u1ec7 x\u01b0\u01a1ng kh\u1edbp c\u1ee7a con ng\u01b0\u1eddi, l\u01b0\u1ee3ng omega 3 trong c\u00e1 n\u1ee5c v\u00f4 c\u00f9ng d\u1ed3i d\u00e0o, ch\u1ea5t dinh d\u01b0\u1ee1ng \u201cv\u00e0ng\u201d n\u00e0y c\u00f3 c\u00f4ng d\u1ee5ng v\u00f4 c\u00f9ng tuy\u1ec7t v\u1eddi, trong vi\u1ec7c gi\u1ea3m vi\u00eam nhi\u1ec5m, ch\u1ee9ng \u0111au x\u01b0\u01a1ng kh\u1edbp.<\/p>\n<p>H\u01af\u1edaNG D\u1eaaN S\u1eec D\u1ee4NG:<br \/>\nD\u00f9ng tr\u1ef1c ti\u1ebfp sau khi m\u1edf \u0111\u00f3ng g\u00f3i, \u0103n k\u00e8m m\u0103ng t\u01b0\u01a1i, c\u00e0 ph\u00e1o, \u0111u \u0111\u1ee7 xanh lu\u1ed9c ho\u1eb7c x\u00f4i tr\u1eafng, c\u01a1m lam, c\u01a1m tr\u1eafng, ch\u00e1o,&#8230;<br \/>\n\u0110\u1eb7t bi\u1ec7t l\u00e0 cu\u1ed1n l\u00e1 sung u\u1ed1ng bia c\u1ef1c ngon.<\/p>\n<p>&nbsp;<\/p>\n","protected":false},"excerpt":{"rendered":"<p>TH\u00d4NG TIN S\u1ea2N PH\u1ea8M:<br \/>\nTh\u00e0nh ph\u1ea7n: 86% c\u00e1 n\u1ee5c kh\u00f4 n\u01b0\u1edbng, 14% nguy\u00ean li\u1ec7u gi\u00e3 chung g\u1ed3m: \u1edbt, s\u1ea3, h\u00e0nh kh\u00f4,l\u00e1 chanh, h\u1ea1t d\u1ed5i, m\u1eafc kh\u00e9n, rau m\u00f9i..<br \/>\nB\u1ea3o qu\u1ea3n: \u0111\u00f3ng k\u00edn t\u00fai\/ h\u1ee7 sau khi d\u00f9ng, \u0111\u1ec3 ng\u0103n m\u00e1t t\u1ee7 l\u1ea1nh.<br \/>\nH\u1ea1n s\u1eed d\u1ee5ng: 3 th\u00e1ng k\u1ec3 t\u1eeb ng\u00e0y s\u1ea3n xu\u1ea5t<br \/>\nXu\u1ea5t x\u1ee9: H\u00e0 Giang<br \/>\n\u0110\u00f3ng g\u00f3i: T\u00fai 150g, 300g, 500g<\/p>\n","protected":false},"featured_media":1624,"template":"","meta":[],"product_brand":[57],"product_cat":[35],"product_tag":[100,84],"class_list":{"0":"post-1961","1":"product","2":"type-product","3":"status-publish","4":"has-post-thumbnail","6":"product_brand-amap-food","7":"product_cat-dac-san","8":"product_tag-ha-giang","9":"product_tag-kho","10":"product_shipping_class-noi-thanh-ho-chi-minh","12":"first","13":"instock","14":"taxable","15":"shipping-taxable","16":"purchasable","17":"product-type-variable"},"_links":{"self":[{"href":"https:\/\/www.chiecbepamap.com\/amap\/index.php?rest_route=\/wp\/v2\/product\/1961","targetHints":{"allow":["GET"]}}],"collection":[{"href":"https:\/\/www.chiecbepamap.com\/amap\/index.php?rest_route=\/wp\/v2\/product"}],"about":[{"href":"https:\/\/www.chiecbepamap.com\/amap\/index.php?rest_route=\/wp\/v2\/types\/product"}],"wp:featuredmedia":[{"embeddable":true,"href":"https:\/\/www.chiecbepamap.com\/amap\/index.php?rest_route=\/wp\/v2\/media\/1624"}],"wp:attachment":[{"href":"https:\/\/www.chiecbepamap.com\/amap\/index.php?rest_route=%2Fwp%2Fv2%2Fmedia&parent=1961"}],"wp:term":[{"taxonomy":"product_brand","embeddable":true,"href":"https:\/\/www.chiecbepamap.com\/amap\/index.php?rest_route=%2Fwp%2Fv2%2Fproduct_brand&post=1961"},{"taxonomy":"product_cat","embeddable":true,"href":"https:\/\/www.chiecbepamap.com\/amap\/index.php?rest_route=%2Fwp%2Fv2%2Fproduct_cat&post=1961"},{"taxonomy":"product_tag","embeddable":true,"href":"https:\/\/www.chiecbepamap.com\/amap\/index.php?rest_route=%2Fwp%2Fv2%2Fproduct_tag&post=1961"}],"curies":[{"name":"wp","href":"https:\/\/api.w.org\/{rel}","templated":true}]}}