{"id":1957,"date":"2025-09-24T15:35:15","date_gmt":"2025-09-24T15:35:15","guid":{"rendered":"https:\/\/www.chiecbepamap.com\/amap\/?post_type=product&#038;p=1957"},"modified":"2025-10-19T12:59:12","modified_gmt":"2025-10-19T12:59:12","slug":"tac-chung-duong-phen","status":"publish","type":"product","link":"https:\/\/www.chiecbepamap.com\/amap\/?product=tac-chung-duong-phen","title":{"rendered":"T\u1eafc ch\u01b0ng \u0111\u01b0\u1eddng ph\u00e8n"},"content":{"rendered":"<p>100% L\u00e0m T\u1eeb Tr\u00e1i T\u1eafc Ngon T\u01b0\u01a1i :<br \/>\n&#8211; Nh\u1eefng tr\u00e1i t\u1eafc t\u01b0\u01a1i,\u0111\u1ea1t t\u1edbi \u0111\u1ed9 ch\u00edn nh\u1ea5t \u0111\u1ecbnh, v\u1ecf m\u1ecfng v\u00e0 tr\u00e1i m\u1ecdng n\u01b0\u1edbc qua qu\u00e1 tr\u00ecnh s\u1ea5y d\u1ebbo gi\u1eef nguy\u00ean v\u1ecb the nh\u1eb9 tinh d\u1ea7u t\u1eafc, t\u1ea1o ra s\u1ea3n ph\u1ea9m m\u1ec1m d\u1ebbo, h\u01b0\u01a1ng v\u1ecb th\u01a1m ngon, k\u1ebft h\u1ee3p h\u00e0i h\u00f2a v\u1edbi v\u1ecb chua c\u1ee7a t\u1eafc v\u00e0 v\u1ecb ng\u1ecdt thanh c\u1ee7a \u0111\u01b0\u1eddng ph\u00e8n. S\u1ea3n ph\u1ea9m t\u1eeb thi\u00ean nhi\u00ean, kh\u00f4ng ph\u1ea9m m\u00e0u h\u00f3a h\u1ecdc, an to\u00e0n cho s\u1ee9c kh\u1ecfe.<br \/>\nC\u00d4NG D\u1ee4NG:<br \/>\n-Tinh d\u1ea7u trong qu\u1ea3 T\u1eafc c\u00f3 th\u1ec3 h\u1ed7 tr\u1ee3 gi\u1ea3m b\u1edbt m\u1ed9t ph\u1ea7n tri\u1ec7u ch\u1ee9ng ho c\u00f3 \u0111\u1eddm.<br \/>\n-T\u1ed1t cho h\u1ec7 ti\u00eau h\u00f3a: H\u00e0m l\u01b0\u1ee3ng ch\u1ea5t x\u01a1 trong qu\u1ea3 t\u1eafc mang l\u1ea1i h\u00e0ng lo\u1ea1t c\u00e1c l\u1ee3i \u00edch s\u1ee9c kh\u1ecfe, \u0111\u1eb7c bi\u1ec7t li\u00ean quan \u0111\u1ebfn h\u1ec7 ti\u00eau h\u00f3a.<br \/>\n-H\u1ed7 tr\u1ee3 duy tr\u00ec l\u00e0n da t\u01b0\u01a1i tr\u1ebb: L\u00e0 m\u1ed9t ngu\u1ed3n th\u1ef1c ph\u1ea9m gi\u00e0u ch\u1ea5t ch\u1ed1ng oxy h\u00f3a, qu\u1ea3 t\u1eafc c\u00f2n c\u00f3 t\u00e1c d\u1ee5ng gi\u00fap c\u1ea3i thi\u1ec7n s\u1ee9c kh\u1ecfe c\u1ee7a l\u00e0n da, gi\u00fap l\u00e0n da tr\u1edf n\u00ean t\u01b0\u01a1i tr\u1ebb v\u00e0 r\u1ea1ng r\u1ee1.<br \/>\nH\u01af\u1edaNG D\u1eaaN S\u1eec D\u1ee4NG:<br \/>\n\u0102n tr\u1ef1c ti\u1ebfp ngay khi x\u00e9 kh\u1ecfi t\u00fai ch\u00e2n kh\u00f4ng c\u1ee7a tr\u00e1i t\u1eafc.<br \/>\nTH\u00d4NG TIN S\u1ea2N PH\u1ea8M:<br \/>\nTh\u00e0nh Ph\u1ea7n: Tr\u00e1i t\u1eafc \u0111\u00e3 t\u00e1ch h\u1ea1t, \u0111\u01b0\u1eddng ph\u00e8n, n\u01b0\u1edbc c\u1ed1t tr\u00e1i t\u1eafc, mu\u1ed1i.<br \/>\nXu\u1ea5t x\u1ee9: \u0110\u1ed3ng Th\u00e1p<br \/>\nH\u1ea1n s\u1eed d\u1ee5ng: 6 th\u00e1ng t\u1eeb ng\u00e0y s\u1ea3n xu\u1ea5t.<br \/>\n\u0110\u00f3ng g\u00f3i : h\u1ee7 150g, h\u1ee7 300g, h\u1ee7 500g.<br \/>\nB\u1ea3o Qu\u1ea3n: N\u01a1i kh\u00f4 r\u00e1o tho\u00e1ng m\u00e1t #tac #tacchung #tacsay #duongphen #tacchungduongphen #tacsaydeo #tacnguyentrai #tacsaydeohutchankhong #tacsaynguyentrai #traicay #traicaysay #tacchungduongphendeo #duongnhan #depda #tinhdautac #hetieuhoa #suckhoe #thiennhien #giamho #traitac #chuangot #dacsan #dacsanngon #dacsandongthap #tacdeo #healthy #giamcan #vitamin #quatang #quabieu #banhmut #mut #muttac #muttraicay #duongphen<\/p>\n","protected":false},"excerpt":{"rendered":"<p>100% L\u00e0m T\u1eeb Tr\u00e1i T\u1eafc Ngon T\u01b0\u01a1i : &#8211; Nh\u1eefng tr\u00e1i t\u1eafc t\u01b0\u01a1i,\u0111\u1ea1t t\u1edbi \u0111\u1ed9 ch\u00edn nh\u1ea5t \u0111\u1ecbnh, v\u1ecf m\u1ecfng v\u00e0 tr\u00e1i m\u1ecdng n\u01b0\u1edbc qua qu\u00e1 tr\u00ecnh s\u1ea5y d\u1ebbo gi\u1eef nguy\u00ean v\u1ecb the nh\u1eb9 tinh d\u1ea7u t\u1eafc, t\u1ea1o ra s\u1ea3n ph\u1ea9m m\u1ec1m d\u1ebbo, h\u01b0\u01a1ng v\u1ecb th\u01a1m ngon, k\u1ebft h\u1ee3p h\u00e0i h\u00f2a v\u1edbi v\u1ecb chua c\u1ee7a [&hellip;]<\/p>\n","protected":false},"featured_media":1720,"template":"","meta":[],"product_brand":[57],"product_cat":[35],"product_tag":[93,92],"class_list":{"0":"post-1957","1":"product","2":"type-product","3":"status-publish","4":"has-post-thumbnail","6":"product_brand-amap-food","7":"product_cat-dac-san","8":"product_tag-banh-keo-mut","9":"product_tag-dong-thap","10":"product_shipping_class-a","12":"first","13":"instock","14":"taxable","15":"shipping-taxable","16":"purchasable","17":"product-type-variable"},"_links":{"self":[{"href":"https:\/\/www.chiecbepamap.com\/amap\/index.php?rest_route=\/wp\/v2\/product\/1957","targetHints":{"allow":["GET"]}}],"collection":[{"href":"https:\/\/www.chiecbepamap.com\/amap\/index.php?rest_route=\/wp\/v2\/product"}],"about":[{"href":"https:\/\/www.chiecbepamap.com\/amap\/index.php?rest_route=\/wp\/v2\/types\/product"}],"wp:featuredmedia":[{"embeddable":true,"href":"https:\/\/www.chiecbepamap.com\/amap\/index.php?rest_route=\/wp\/v2\/media\/1720"}],"wp:attachment":[{"href":"https:\/\/www.chiecbepamap.com\/amap\/index.php?rest_route=%2Fwp%2Fv2%2Fmedia&parent=1957"}],"wp:term":[{"taxonomy":"product_brand","embeddable":true,"href":"https:\/\/www.chiecbepamap.com\/amap\/index.php?rest_route=%2Fwp%2Fv2%2Fproduct_brand&post=1957"},{"taxonomy":"product_cat","embeddable":true,"href":"https:\/\/www.chiecbepamap.com\/amap\/index.php?rest_route=%2Fwp%2Fv2%2Fproduct_cat&post=1957"},{"taxonomy":"product_tag","embeddable":true,"href":"https:\/\/www.chiecbepamap.com\/amap\/index.php?rest_route=%2Fwp%2Fv2%2Fproduct_tag&post=1957"}],"curies":[{"name":"wp","href":"https:\/\/api.w.org\/{rel}","templated":true}]}}