{"id":1956,"date":"2025-09-24T15:35:15","date_gmt":"2025-09-24T15:35:15","guid":{"rendered":"https:\/\/www.chiecbepamap.com\/amap\/?post_type=product&#038;p=1956"},"modified":"2025-10-19T12:59:12","modified_gmt":"2025-10-19T12:59:12","slug":"buoi-xi-muoi","status":"publish","type":"product","link":"https:\/\/www.chiecbepamap.com\/amap\/?product=buoi-xi-muoi","title":{"rendered":"B\u01b0\u1edfi x\u00ed mu\u1ed9i"},"content":{"rendered":"<p>B\u01af\u1edeI X\u00cd MU\u1ed8I TH\u1ea0CH B\u01af\u1edeI N\u01af\u1edaC U\u1ed0NG C\u00d4 \u0110\u1eb6C T\u1eea TR\u00c1I C\u00c2Y T\u01af\u01a0I N\u01b0\u1edbc tr\u00e1i c\u00e2y c\u00f4 \u0111\u1eb7c B\u01b0\u1edfi X\u00ed Mu\u1ed9i &#8211; Th\u1ea1ch B\u01b0\u1edfi l\u00e0 n\u01b0\u1edbc u\u1ed1ng t\u1eeb tr\u00e1i c\u00e2y t\u1ef1 nhi\u00ean, gi\u00fap gi\u1ea3i kh\u00e1t khi n\u1eafng n\u00f3ng, b\u00f9 l\u1ea1i l\u01b0\u1ee3ng n\u01b0\u1edbc, ch\u1ea5t kho\u00e1ng \u0111\u00e3 b\u1ecb m\u1ea5t do tr\u1eddi n\u1eafng n\u00f3ng. C\u00d4NG D\u1ee4NG:<br \/>\nB\u01b0\u1edfi t\u01b0\u01a1i \u0111\u01b0\u1ee3c n\u1ea5u v\u1edbi \u0111\u01b0\u1eddng ph\u00e8n, m\u1ea1ch nha v\u00e0 m\u1eadt ong, c\u00f9ng v\u1edbi n\u01b0\u1edbc c\u1ed1t tr\u00e1i h\u1ea1nh (tr\u00e1i t\u1eafc) v\u00e0 chanh t\u01b0\u01a1i, t\u1ea1o ra m\u1ed9t lo\u1ea1i n\u01b0\u1edbc u\u1ed1ng chua chua, ng\u1ecdt ng\u1ecdt, l\u1ea1i c\u00f3 th\u00eam th\u1ea1ch B\u01b0\u1edfi nhai ngon ng\u1ecdt kh\u00f4ng \u0111\u1eafng. S\u1ea3n ph\u1ea9m gi\u1eef \u0111\u01b0\u1ee3c h\u00e0m l\u01b0\u1ee3ng vitamin C t\u1ef1 nhi\u00ean v\u00e0 c\u00e1c vi ch\u1ea5t r\u1ea5t t\u1ed1t cho s\u1ee9c kho\u1ebb.<br \/>\nH\u01af\u1edaNG D\u1eaaN S\u1eec D\u1ee4NG: &#8211; Pha 2-3 mu\u1ed7ng c\u00e0 ph\u00ea B\u01b0\u1edfi X\u00ed Mu\u1ed9i v\u1edbi kho\u1ea3ng 50ml-100ml n\u01b0\u1edbc u\u1ed1ng b\u00ecnh th\u01b0\u1eddng, ho\u1eb7c n\u01b0\u1edbc \u1ea5m (d\u01b0\u1edbi 50 \u0111\u1ed9 C) \u0111\u1ec3 u\u1ed1ng trong tr\u01b0\u1eddng h\u1ee3p c\u1ea7n gi\u1eef \u1ea5m c\u01a1 th\u1ec3.<br \/>\n&#8211; B\u01b0\u1edfi X\u00ed Mu\u1ed9i pha xong s\u1ebd u\u1ed1ng ngon h\u01a1n khi \u01b0\u1edbp l\u1ea1nh (\u0111\u1ec3 trong ng\u0103n m\u00e1t t\u1ee7 l\u1ea1nh sau khi pha xong, ho\u1eb7c cho th\u00eam \u0111\u00e1 v\u00e0o \u0111\u1ec3 u\u1ed1ng.<br \/>\n&#8211; B\u01b0\u1edfi X\u00ed Mu\u1ed9i c\u00f3 th\u1ec3 d\u00f9ng pha ch\u1ebf v\u1edbi Soda t\u1ea1o ra n\u01b0\u1edbc u\u1ed1ng Soda B\u01b0\u1edfi X\u00ed Mu\u1ed9i r\u1ea5t ngon v\u00e0 h\u1ed7 tr\u1ee3 ti\u00eau ho\u00e1, &#8211; B\u01b0\u1edfi X\u00ed Mu\u1ed9i c\u00f3 th\u1ec3 pha ch\u1ebf v\u1edbi c\u00e1c lo\u1ea1i tr\u00e0 \u0111\u1ec3 t\u1ea1o ra Tr\u00e0 B\u01b0\u1edfi X\u00ed Mu\u1ed9i. Ngo\u00e0i ra c\u00f3 th\u1ec3 k\u1ebft h\u1ee3p v\u1edbi tr\u00e0 s\u1eefa v\u00e0 c\u00e1c lo\u1ea1i n\u01b0\u1edbc tr\u00e1i c\u00e2y kh\u00e1c,\u2026<br \/>\nTH\u00d4NG TIN S\u1ea2N PH\u1ea8M:<br \/>\nTh\u00e0nh Ph\u1ea7n : tr\u00e1i b\u01b0\u1edfi t\u01b0\u01a1i (N\u01b0\u1edbc c\u1ed1t b\u01b0\u1edfi v\u00e0 v\u1ecf) (36%), m\u1eadt ong, n\u01b0\u1edbc c\u1ed1t tr\u00e1i t\u1eafc, \u0111\u01b0\u1eddng m\u1ea1ch nha, mu\u1ed1i.<br \/>\nXu\u1ea5t x\u1ee9: \u0110\u1ed3ng Th\u00e1p<br \/>\nC\u00e1ch b\u1ea3o qu\u1ea3n: \u0110\u1ec3 n\u01a1i kh\u00f4 r\u00e1o, tr\u00e1nh \u00e1nh n\u1eafng tr\u1ef1c ti\u1ebfp.<br \/>\nH\u1ea1n s\u1eed d\u1ee5ng: 12 th\u00e1ng.<br \/>\n\u0110\u1ecbnh l\u01b0\u1ee3ng: H\u1ee7 500g<br \/>\n#buoi #traibuoi #ximuoi #buoiximuoi #thachbuoi #ximuoibuoi #traicay #traicaytuoi #nuoctraicay #nuoctraicaycodac #nuocbuoi #nuocximuoi #banhmut #quatet #nuoccottraicay #dacsan #dacsandongthap #quatang #gift #tieuhoa #hohap #healthy #thucuong #giaikhat #vitamin #totchosuckhoe #suckhoe #trabuoi #trabuoiximuoi #sodabuoi #quabuoi #anvat #depda #duongnhan #monngon #giainhiet #nuocuong #mut #muttraicay #nuoctac #mutbuoi<\/p>\n","protected":false},"excerpt":{"rendered":"<p>B\u01af\u1edeI X\u00cd MU\u1ed8I TH\u1ea0CH B\u01af\u1edeI N\u01af\u1edaC U\u1ed0NG C\u00d4 \u0110\u1eb6C T\u1eea TR\u00c1I C\u00c2Y T\u01af\u01a0I N\u01b0\u1edbc tr\u00e1i c\u00e2y c\u00f4 \u0111\u1eb7c B\u01b0\u1edfi X\u00ed Mu\u1ed9i &#8211; Th\u1ea1ch B\u01b0\u1edfi l\u00e0 n\u01b0\u1edbc u\u1ed1ng t\u1eeb tr\u00e1i c\u00e2y t\u1ef1 nhi\u00ean, gi\u00fap gi\u1ea3i kh\u00e1t khi n\u1eafng n\u00f3ng, b\u00f9 l\u1ea1i l\u01b0\u1ee3ng n\u01b0\u1edbc, ch\u1ea5t kho\u00e1ng \u0111\u00e3 b\u1ecb m\u1ea5t do tr\u1eddi n\u1eafng n\u00f3ng. C\u00d4NG D\u1ee4NG: B\u01b0\u1edfi t\u01b0\u01a1i [&hellip;]<\/p>\n","protected":false},"featured_media":1615,"template":"","meta":[],"product_brand":[57],"product_cat":[35],"product_tag":[93,92],"class_list":{"0":"post-1956","1":"product","2":"type-product","3":"status-publish","4":"has-post-thumbnail","6":"product_brand-amap-food","7":"product_cat-dac-san","8":"product_tag-banh-keo-mut","9":"product_tag-dong-thap","10":"product_shipping_class-a","12":"first","13":"instock","14":"taxable","15":"shipping-taxable","16":"purchasable","17":"product-type-variable"},"_links":{"self":[{"href":"https:\/\/www.chiecbepamap.com\/amap\/index.php?rest_route=\/wp\/v2\/product\/1956","targetHints":{"allow":["GET"]}}],"collection":[{"href":"https:\/\/www.chiecbepamap.com\/amap\/index.php?rest_route=\/wp\/v2\/product"}],"about":[{"href":"https:\/\/www.chiecbepamap.com\/amap\/index.php?rest_route=\/wp\/v2\/types\/product"}],"wp:featuredmedia":[{"embeddable":true,"href":"https:\/\/www.chiecbepamap.com\/amap\/index.php?rest_route=\/wp\/v2\/media\/1615"}],"wp:attachment":[{"href":"https:\/\/www.chiecbepamap.com\/amap\/index.php?rest_route=%2Fwp%2Fv2%2Fmedia&parent=1956"}],"wp:term":[{"taxonomy":"product_brand","embeddable":true,"href":"https:\/\/www.chiecbepamap.com\/amap\/index.php?rest_route=%2Fwp%2Fv2%2Fproduct_brand&post=1956"},{"taxonomy":"product_cat","embeddable":true,"href":"https:\/\/www.chiecbepamap.com\/amap\/index.php?rest_route=%2Fwp%2Fv2%2Fproduct_cat&post=1956"},{"taxonomy":"product_tag","embeddable":true,"href":"https:\/\/www.chiecbepamap.com\/amap\/index.php?rest_route=%2Fwp%2Fv2%2Fproduct_tag&post=1956"}],"curies":[{"name":"wp","href":"https:\/\/api.w.org\/{rel}","templated":true}]}}