{"id":1954,"date":"2025-09-24T15:35:15","date_gmt":"2025-09-24T15:35:15","guid":{"rendered":"https:\/\/www.chiecbepamap.com\/amap\/?post_type=product&#038;p=1954"},"modified":"2025-10-18T14:34:14","modified_gmt":"2025-10-18T14:34:14","slug":"banh-hanh-nhan","status":"publish","type":"product","link":"https:\/\/www.chiecbepamap.com\/amap\/?product=banh-hanh-nhan","title":{"rendered":"B\u00e1nh h\u1ea1nh nh\u00e2n"},"content":{"rendered":"<p>B\u00c1NH NG\u00d3I H\u1ea0NH NH\u00c2N Ch\u1eafc h\u1eb3n ch\u1ecb em nh\u00e0 m\u00ecnh d\u00f9ng mu\u1ed1n ki\u1ec3m so\u00e1t c\u00e2n n\u1eb7ng, \u0103n ki\u00eang l\u00e0nh m\u1ea1nh nh\u01b0ng v\u1eabn lu\u00f4n t\u00ecm ki\u1ebfm m\u1ed9t lo\u1ea1i b\u00e1nh \u0103n nh\u00e2m nhi khi \u0111\u00f3i, v\u1eeba ngon mi\u1ec7ng m\u00e0 l\u1ea1i kh\u00f4ng s\u1ee3 t\u0103ng c\u00e2n \u0111\u00fang kh\u00f4ng n\u00e0o?<br \/>\nB\u00e1nh ng\u00f3i h\u1ea1nh nh\u00e2n 98% l\u00e0 h\u1ea1nh nh\u00e2n l\u00e0 l\u1ef1a ch\u1ecdn ph\u00f9 h\u1ee3p v\u1edbi ch\u1ecb em m\u00ecnh nh\u1ea5t \u0111\u00f3 nha !<br \/>\nB\u00e1nh Ng\u00f3i H\u1ea1nh Nh\u00e2n nh\u00e0 B\u1ebfp \u1ea4m \u00c1p v\u1edbi \u0111\u1eb7c \u0111i\u1ec3m ch\u00ednh l\u00e0 full nh\u1eefng l\u00e1t h\u1ea1nh nh\u00e2n d\u00e0y tr\u00ean b\u1ec1 m\u1eb7t b\u00e1nh, \u0111\u01b0\u1ee3c n\u01b0\u1edbng 2 l\u1ea7n, gi\u00f2n r\u1ee5m, th\u01a1m ph\u01b0ng ph\u1ee9c c\u1ee7a h\u1ea1nh nh\u00e2n v\u00e0 \u00edt ng\u1ecdt.<br \/>\n\u01afU \u0110I\u1ec2M \u0110\u1eb6C BI\u1ec6T:<br \/>\nB\u1ebfp ho\u00e0n to\u00e0n kh\u00f4ng d\u00f9ng b\u1ed9t m\u00ec, 98% l\u00e0 h\u1ea1nh nh\u00e2n l\u00e1t ,v\u00ec \u0111\u1ebf b\u00e1nh ho\u00e0n to\u00e0n l\u00e0 b\u1ed9t h\u1ea1nh nh\u00e2n nghi\u1ec1n m\u1ecbn, c\u00f2n d\u00f9ng c\u1ea3 \u0111\u01b0\u1eddng \u0103n ki\u00eang n\u00ean m\u00f3n b\u00e1nh n\u00e0y h\u1ed7 tr\u1ee3 \u0103n ki\u00eang v\u00e0 ki\u1ec3m so\u00e1t c\u00e2n n\u1eb7ng r\u1ea5t t\u1ed1t. B\u00e1nh ng\u00f3i h\u1ea1nh nh\u00e2n phi\u00ean b\u1ea3n healthy c\u1ee7a B\u1ebfp Cam k\u1ebft chu\u1ea9n 5 KH\u00d4NG: Kh\u00f4ng \u0111\u01b0\u1eddng, kh\u00f4ng tinh b\u1ed9t, kh\u00f4ng d\u1ea7u m\u1ee1, kh\u00f4ng ch\u1ea5t b\u1ea3o qu\u1ea3n, kh\u00f4ng ph\u1ee5 gia.<br \/>\nCh\u1ea5t b\u00e9o t\u1ef1 nhi\u00ean l\u00e0nh m\u1ea1nh c\u00f3 trong h\u1ea1t H\u1ea1nh nh\u00e2n, gi\u00fap t\u0103ng c\u01b0\u1eddng qu\u00e1 tr\u00ecnh trao \u0111\u1ed5i ch\u1ea5t, no l\u00e2u h\u01a1n, gi\u1ea3m s\u1ef1 th\u00e8m \u0103n, duy tr\u00ec c\u00e2n n\u1eb7ng v\u00e0 cung c\u1ea5p n\u0103ng l\u01b0\u1ee3ng c\u1ea7n thi\u1ebft cho c\u01a1 th\u1ec3 ho\u1ea1t \u0111\u1ed9ng trong m\u1ed9t ng\u00e0y d\u00e0i.<br \/>\nC\u00d4NG D\u1ee4NG:<br \/>\n&#8211; Ngo\u00e0i t\u00e1c d\u1ee5ng ch\u1ed1ng \u0111\u00f3i, b\u00e1nh ng\u00f3i h\u1ea1nh nh\u00e2n c\u00f2n:<br \/>\n+ T\u1ed1t cho tim m\u1ea1ch v\u00e0 huy\u1ebft \u00e1p<br \/>\n+ C\u1ea3i thi\u1ec7n ti\u00eau h\u00f3a<br \/>\n+ Ki\u1ec3m so\u00e1t l\u01b0\u1ee3ng \u0111\u01b0\u1eddng trong m\u00e1u<br \/>\n+ Ng\u0103n ch\u1eb7n th\u00e8m \u0103n, gi\u1ea3m c\u00e2n hi\u1ec7u qu\u1ea3<br \/>\n+ Gi\u00fap da s\u00e1ng m\u1ecbn h\u01a1n<br \/>\n+ T\u0103ng c\u01b0\u1eddng s\u1ee9c \u0111\u1ec1 kh\u00e1ng cho c\u01a1 th\u1ec3.<br \/>\nH\u01af\u1edaNG D\u1eaaN S\u1eec D\u1ee4NG:<br \/>\n&#8211; B\u00e1nh ng\u00f3i h\u1ea1nh nh\u00e2n chu\u1ea9n \u0103n ki\u00eang, \u0111\u00e1p \u1ee9ng \u0111\u01b0\u1ee3c c\u00e1c y\u00eau c\u1ea7u kh\u1eaft khe c\u1ee7a ch\u1ebf \u0111\u1ed9 keto, eat clean, healthy. \u0110\u1eb7c bi\u1ec7t ph\u00f9 h\u1ee3p v\u1edbi nh\u1eefng ng\u01b0\u1eddi mu\u1ed1n gi\u1eef d\u00e1ng, gi\u1ea3m c\u00e2n, m\u1eb9 b\u1ea7u, m\u1eb9 b\u1ec9m s\u1eefa, d\u00e2n t\u1eadp luy\u1ec7n, d\u00e2n v\u0103n ph\u00f2ng\u2026<br \/>\n&#8211; C\u00f3 th\u1ec3 d\u00f9ng cho b\u1eefa s\u00e1ng, \u0103n v\u1eb7t, \u0103n x\u1ebf, tr\u01b0\u1edbc v\u00e0 sau gi\u1edd luy\u1ec7n t\u1eadp, tr\u00e1ng mi\u1ec7ng\u2026Th\u01b0\u1edfng th\u1ee9c c\u00f9ng c\u00e1c th\u1ee9c u\u1ed1ng y\u00eau th\u00edch th\u00ec ngon tuy\u1ec7t.<br \/>\nTH\u00d4NG TIN S\u1ea2N PH\u1ea8M: Th\u00e0nh ph\u1ea7n: B\u00e1nh l\u00e0m t\u1eeb 98% h\u1ea1nh nh\u00e2n l\u00e1t, 2% ( v\u1ecb choco, tr\u00e0 xanh,..)<br \/>\nB\u00e1nh Ng\u00f3i c\u00f3 3 v\u1ecb :Nguy\u00ean v\u1ecb, tr\u00e0 xanh,choco<br \/>\nH\u1ea1n s\u1eed d\u1ee5ng: 6 th\u00e1ng k\u1ec3 t\u1eeb ng\u00e0y s\u1ea3n xu\u1ea5t<br \/>\n\u0110\u00f3ng g\u00f3i: T\u00fai gi\u1ea5y 150gr, t\u00fai gi\u1ea5y 300gr, t\u00fai gi\u1ea5y 500gr<br \/>\nB\u1ea3o Qu\u1ea3n: N\u01a1i kh\u00f4 r\u00e1o tho\u00e1ng m\u00e1t #hanh_nhan #hanhnhan #hathanhnhan #banh_ngoi #banh_hanh_nhan #banh_handmade #banh_ngoi_hanh_nhan #banh_ngon #banhngoiankieng #banhtieuduong #banhhealthy #healthy #banhngoihanhnhan #banhchonguoitieuduong #banhngoihanhnhanankieng #banhngoimixhat #banhankieng #banhngoigiamcan #ankieng #ankieng #banhgiamcan #thucphamankieng #banh #banhhanhnhanmix #banhhanhnhan3vi #traxanh #choco #hanhnhannguyenvi #ngucocmebau #anvatmebau #hatdinhduongmebau #anvatbabau #khongduong #nguyenchat #thucphamankieng #thucphamgiamcan #healthy_food #\u0103n_v\u1eb7t_healthy #duongankieng #hanhnhanlat #bothanhnhan #hanhnhannguyenchat #quatang #quabieu #hat #banhhat #banhdinhduong<\/p>\n","protected":false},"excerpt":{"rendered":"<p>B\u00c1NH NG\u00d3I H\u1ea0NH NH\u00c2N Ch\u1eafc h\u1eb3n ch\u1ecb em nh\u00e0 m\u00ecnh d\u00f9ng mu\u1ed1n ki\u1ec3m so\u00e1t c\u00e2n n\u1eb7ng, \u0103n ki\u00eang l\u00e0nh m\u1ea1nh nh\u01b0ng v\u1eabn lu\u00f4n t\u00ecm ki\u1ebfm m\u1ed9t lo\u1ea1i b\u00e1nh \u0103n nh\u00e2m nhi khi \u0111\u00f3i, v\u1eeba ngon mi\u1ec7ng m\u00e0 l\u1ea1i kh\u00f4ng s\u1ee3 t\u0103ng c\u00e2n \u0111\u00fang kh\u00f4ng n\u00e0o? B\u00e1nh ng\u00f3i h\u1ea1nh nh\u00e2n 98% l\u00e0 h\u1ea1nh nh\u00e2n l\u00e0 l\u1ef1a [&hellip;]<\/p>\n","protected":false},"featured_media":1598,"template":"","meta":[],"product_brand":[57],"product_cat":[35],"product_tag":[93,92],"class_list":{"0":"post-1954","1":"product","2":"type-product","3":"status-publish","4":"has-post-thumbnail","6":"product_brand-amap-food","7":"product_cat-dac-san","8":"product_tag-banh-keo-mut","9":"product_tag-dong-thap","10":"product_shipping_class-a","12":"first","13":"instock","14":"taxable","15":"shipping-taxable","16":"purchasable","17":"product-type-variable"},"_links":{"self":[{"href":"https:\/\/www.chiecbepamap.com\/amap\/index.php?rest_route=\/wp\/v2\/product\/1954","targetHints":{"allow":["GET"]}}],"collection":[{"href":"https:\/\/www.chiecbepamap.com\/amap\/index.php?rest_route=\/wp\/v2\/product"}],"about":[{"href":"https:\/\/www.chiecbepamap.com\/amap\/index.php?rest_route=\/wp\/v2\/types\/product"}],"wp:featuredmedia":[{"embeddable":true,"href":"https:\/\/www.chiecbepamap.com\/amap\/index.php?rest_route=\/wp\/v2\/media\/1598"}],"wp:attachment":[{"href":"https:\/\/www.chiecbepamap.com\/amap\/index.php?rest_route=%2Fwp%2Fv2%2Fmedia&parent=1954"}],"wp:term":[{"taxonomy":"product_brand","embeddable":true,"href":"https:\/\/www.chiecbepamap.com\/amap\/index.php?rest_route=%2Fwp%2Fv2%2Fproduct_brand&post=1954"},{"taxonomy":"product_cat","embeddable":true,"href":"https:\/\/www.chiecbepamap.com\/amap\/index.php?rest_route=%2Fwp%2Fv2%2Fproduct_cat&post=1954"},{"taxonomy":"product_tag","embeddable":true,"href":"https:\/\/www.chiecbepamap.com\/amap\/index.php?rest_route=%2Fwp%2Fv2%2Fproduct_tag&post=1954"}],"curies":[{"name":"wp","href":"https:\/\/api.w.org\/{rel}","templated":true}]}}