{"id":1953,"date":"2025-09-24T15:35:15","date_gmt":"2025-09-24T15:35:15","guid":{"rendered":"https:\/\/www.chiecbepamap.com\/amap\/?post_type=product&#038;p=1953"},"modified":"2025-10-19T12:59:12","modified_gmt":"2025-10-19T12:59:12","slug":"vien-sua-chua-say-thang-hoa","status":"publish","type":"product","link":"https:\/\/www.chiecbepamap.com\/amap\/?product=vien-sua-chua-say-thang-hoa","title":{"rendered":"Vi\u00ean s\u1eefa chua s\u1ea5y th\u0103ng hoa"},"content":{"rendered":"<p>VI\u00caN S\u1eeeA CHUA S\u1ea4Y TH\u0102NG HOA M\u00f3n \u0103n v\u1eb7t tuy\u1ec7t h\u1ea3o cho c\u1ea3 tr\u1ebb nh\u1ecf v\u00e0 ng\u01b0\u1eddi l\u1edbn S\u1eefa \u0111\u01b0\u1ee3c s\u1ea5y kh\u00f4 \u1edf nhi\u1ec7t \u0111\u1ed9 \u00e2m n\u00ean gi\u1eef nguy\u00ean h\u00ecnh d\u1ea1ng t\u1ea1o h\u00ecnh ban \u0111\u1ea7u, k\u1ebft c\u1ea5u b\u1ed9t x\u1ed1p lu\u00f4n \u0111\u1ea3m b\u1ea3o ch\u1ea5t l\u01b0\u1ee3ng t\u1eeb m\u00e0u s\u1eafc t\u1edbi gi\u00e1 tr\u1ecb dinh d\u01b0\u1ee1ng trong s\u1eefa kh\u00f4ng thay \u0111\u1ed5i. Sau qu\u00e1 tr\u00ecnh s\u1ea5y, s\u1eefa chua \u0111\u00e3 \u0111\u01b0\u1ee3c t\u00e1ch n\u01b0\u1edbc ho\u00e0n to\u00e0n, v\u00ec th\u1ebf khi b\u1ecf v\u00e0o mi\u1ec7ng, s\u1eefa chua s\u1ebd tan ngay trong mi\u1ec7ng m\u00e0 kh\u00f4ng lo b\u1ecb h\u00f3c, kh\u00f4ng s\u1ee3 b\u1ecb tr\u00e2y d\u00ednh qu\u1ea7n \u00e1o l\u00e0m b\u1ea9n. C\u00d4NG D\u1ee4NG:<br \/>\nVi\u00ean s\u1eefa chua r\u1ea5t ngon, ti\u1ec7n d\u1ee5ng v\u00e0 \u0111\u1eb7c bi\u1ec7t c\u00f3 nhi\u1ec1u l\u1ee3i \u00edch cho s\u01b0c kho\u1ebb:<br \/>\n&#8211; S\u1eefa chua s\u1ea5y th\u0103ng hoa ch\u1ee9a nhi\u1ec1u l\u1ee3i khu\u1ea9n Lactobacillus gi\u00fap h\u1ed7 tr\u1ee3 t\u1ed1t cho ti\u00eau h\u00f3a \u0111\u01b0\u1eddng ru\u1ed9t.<br \/>\n&#8211; Do \u0111\u00e3 \u0111\u01b0\u1ee3c s\u1ea5y kh\u00f4 n\u00ean kh\u00f4ng c\u1ea7n b\u1ecf v\u00e0o t\u1ee7 m\u00e1t \u0111\u1ec3 b\u1ea3o qu\u1ea3n m\u00e0 b\u1ea1n c\u00f3 th\u1ec3 \u0103n s\u1eefa chua \u1edf m\u1ecdi l\u00fac v\u00e0 m\u1ecdi n\u01a1i.<br \/>\n&#8211; S\u1ea3n ph\u1ea9m ho\u00e0n to\u00e0n kh\u00f4ng ch\u1ee9a ch\u1ea5t b\u1ea3o qu\u1ea3n<br \/>\n&#8211; C\u00f4ng th\u1ee9c an to\u00e0n, kh\u00f4ng ch\u1ee9a th\u00e0nh ph\u1ea7n h\u00f3a h\u1ecdc g\u00e2y bi\u1ebfn \u0111\u1ed5i gen<br \/>\n\u01afU \u0110I\u1ec2M \u0110\u1eb6C BI\u1ec6T:<br \/>\n* B\u1ea3o qu\u1ea3n l\u00e2u h\u01a1n: S\u1eefa chua s\u1ea5y th\u0103ng hoa c\u00f3 kh\u1ea3 n\u0103ng b\u1ea3o qu\u1ea3n l\u00e2u h\u01a1n so v\u1edbi s\u1eefa chua t\u01b0\u01a1i b\u1edfi v\u00ec h\u00e0m l\u01b0\u1ee3ng n\u01b0\u1edbc trong s\u1ea3n ph\u1ea9m \u0111\u00e3 \u0111\u01b0\u1ee3c lo\u1ea1i b\u1ecf h\u1ea7u h\u1ebft. \u0110i\u1ec1u n\u00e0y gi\u00fap ng\u0103n ng\u1eeba s\u1ef1 ph\u00e1t tri\u1ec3n c\u1ee7a vi khu\u1ea9n v\u00e0 m\u1ed1c, gi\u00fap s\u1ea3n ph\u1ea9m c\u00f3 th\u1ec3 \u0111\u01b0\u1ee3c l\u01b0u tr\u1eef v\u00e0 v\u1eadn chuy\u1ec3n trong th\u1eddi gian d\u00e0i m\u00e0 kh\u00f4ng b\u1ecb h\u1ecfng.<br \/>\n* Ti\u1ec7n l\u1ee3i: S\u1eefa chua s\u1ea5y th\u0103ng hoa c\u00f3 th\u1ec3 \u0111\u01b0\u1ee3c \u0111\u00f3ng g\u00f3i th\u00e0nh c\u00e1c t\u00fai nh\u1ecf ho\u1eb7c h\u1ed9p \u0111\u1ec3 d\u1ec5 d\u00e0ng mang \u0111i du l\u1ecbch ho\u1eb7c \u0111\u01b0a v\u00e0o t\u00fai c\u1ea7m tay \u0111\u1ec3 \u0103n trong su\u1ed1t ng\u00e0y. Ngo\u00e0i ra, s\u1ea3n ph\u1ea9m n\u00e0y c\u0169ng kh\u00f4ng c\u1ea7n b\u1ea3o qu\u1ea3n trong t\u1ee7 l\u1ea1nh, gi\u00fap ti\u1ebft ki\u1ec7m kh\u00f4ng gian v\u00e0 d\u1ec5 d\u00e0ng b\u1ea3o qu\u1ea3n.<br \/>\n* Gi\u1eef l\u1ea1i h\u01b0\u01a1ng v\u1ecb v\u00e0 ch\u1ea5t dinh d\u01b0\u1ee1ng: Qu\u00e1 tr\u00ecnh s\u1ea5y kh\u00f4 s\u1eefa chua t\u01b0\u01a1i gi\u00fap gi\u1eef l\u1ea1i h\u01b0\u01a1ng v\u1ecb v\u00e0 ch\u1ea5t dinh d\u01b0\u1ee1ng c\u1ee7a s\u1ea3n ph\u1ea9m g\u1ed1c. Do \u0111\u00f3, s\u1eefa chua s\u1ea5y th\u0103ng hoa c\u00f3 th\u1ec3 cung c\u1ea5p c\u00f9ng l\u01b0\u1ee3ng dinh d\u01b0\u1ee1ng v\u00e0 ch\u1ea5t x\u01a1 cao h\u01a1n so v\u1edbi s\u1eefa chua t\u01b0\u01a1i.<br \/>\nH\u01af\u1edaNG D\u1eaaN S\u1eec D\u1ee4NG :<br \/>\n&#8211; D\u00f9ng ngay ko qua ch\u1ebf bi\u1ebfn<br \/>\n&#8211; D\u00f9ng \u0111\u1ec3 l\u00e0m nhi\u1ec1u lo\u1ea1i m\u00f3n \u0103n kh\u00e1c nhau nh\u01b0 kem, b\u00e1nh ng\u1ecdt, n\u01b0\u1edbc gi\u1ea3i kh\u00e1t, ho\u1eb7c l\u00e0m nguy\u00ean li\u1ec7u cho c\u00e1c m\u00f3n tr\u00e1ng mi\u1ec7ng.<br \/>\nTH\u00d4NG TIN S\u1ea2N PH\u1ea8M :<br \/>\nS\u1eefa chua s\u1ea5y v\u1ecb thanh nh\u1eb9 kh\u00f4ng ng\u1ecdt g\u1eaft kh\u00f4ng chua nhi\u1ec1u, th\u01a1m h\u01b0\u01a1ng s\u1eefa d\u1ec5 \u0103n,x\u1ed1p vu\u00f4ng, tan trong mi\u1ec7ng, kh\u00f4ng c\u1ee9ng, h\u01b0\u01a1ng khoai m\u00f4n, d\u00e2u &#038; kem s\u1eefa.<br \/>\nM\u00e0u s\u1eafc : tr\u1eafng kem, t\u00edm m\u00f4n, h\u1ed3ng d\u00e2u B\u1ea3o Qu\u1ea3n: \u0110\u1ec3 n\u01a1i kh\u00f4 tho\u00e1ng, tr\u00e1nh \u00e1nh n\u1eafng m\u1eb7t tr\u1eddi ,\u0111\u00f3ng ch\u1eb7t T\u00fai | H\u0169 ngo\u00e0i sau khi s\u1eed d\u1ee5ng<br \/>\nHSD : 6 th\u00e1ng<br \/>\n\u0110\u00f3ng g\u00f3i: t\u00fai zip 100g, 200g, 500g<\/p>\n","protected":false},"excerpt":{"rendered":"<p>VI\u00caN S\u1eeeA CHUA S\u1ea4Y TH\u0102NG HOA M\u00f3n \u0103n v\u1eb7t tuy\u1ec7t h\u1ea3o cho c\u1ea3 tr\u1ebb nh\u1ecf v\u00e0 ng\u01b0\u1eddi l\u1edbn S\u1eefa \u0111\u01b0\u1ee3c s\u1ea5y kh\u00f4 \u1edf nhi\u1ec7t \u0111\u1ed9 \u00e2m n\u00ean gi\u1eef nguy\u00ean h\u00ecnh d\u1ea1ng t\u1ea1o h\u00ecnh ban \u0111\u1ea7u, k\u1ebft c\u1ea5u b\u1ed9t x\u1ed1p lu\u00f4n \u0111\u1ea3m b\u1ea3o ch\u1ea5t l\u01b0\u1ee3ng t\u1eeb m\u00e0u s\u1eafc t\u1edbi gi\u00e1 tr\u1ecb dinh d\u01b0\u1ee1ng trong s\u1eefa kh\u00f4ng [&hellip;]<\/p>\n","protected":false},"featured_media":1772,"template":"","meta":[],"product_brand":[57],"product_cat":[35],"product_tag":[95,89],"class_list":{"0":"post-1953","1":"product","2":"type-product","3":"status-publish","4":"has-post-thumbnail","6":"product_brand-amap-food","7":"product_cat-dac-san","8":"product_tag-da-lat","9":"product_tag-say","10":"product_shipping_class-a","12":"first","13":"instock","14":"taxable","15":"shipping-taxable","16":"purchasable","17":"product-type-variable"},"_links":{"self":[{"href":"https:\/\/www.chiecbepamap.com\/amap\/index.php?rest_route=\/wp\/v2\/product\/1953","targetHints":{"allow":["GET"]}}],"collection":[{"href":"https:\/\/www.chiecbepamap.com\/amap\/index.php?rest_route=\/wp\/v2\/product"}],"about":[{"href":"https:\/\/www.chiecbepamap.com\/amap\/index.php?rest_route=\/wp\/v2\/types\/product"}],"wp:featuredmedia":[{"embeddable":true,"href":"https:\/\/www.chiecbepamap.com\/amap\/index.php?rest_route=\/wp\/v2\/media\/1772"}],"wp:attachment":[{"href":"https:\/\/www.chiecbepamap.com\/amap\/index.php?rest_route=%2Fwp%2Fv2%2Fmedia&parent=1953"}],"wp:term":[{"taxonomy":"product_brand","embeddable":true,"href":"https:\/\/www.chiecbepamap.com\/amap\/index.php?rest_route=%2Fwp%2Fv2%2Fproduct_brand&post=1953"},{"taxonomy":"product_cat","embeddable":true,"href":"https:\/\/www.chiecbepamap.com\/amap\/index.php?rest_route=%2Fwp%2Fv2%2Fproduct_cat&post=1953"},{"taxonomy":"product_tag","embeddable":true,"href":"https:\/\/www.chiecbepamap.com\/amap\/index.php?rest_route=%2Fwp%2Fv2%2Fproduct_tag&post=1953"}],"curies":[{"name":"wp","href":"https:\/\/api.w.org\/{rel}","templated":true}]}}