{"id":1949,"date":"2025-09-24T15:35:15","date_gmt":"2025-09-24T15:35:15","guid":{"rendered":"https:\/\/www.chiecbepamap.com\/amap\/?post_type=product&#038;p=1949"},"modified":"2025-10-19T12:59:12","modified_gmt":"2025-10-19T12:59:12","slug":"cu-sen-kep-thom","status":"publish","type":"product","link":"https:\/\/www.chiecbepamap.com\/amap\/?product=cu-sen-kep-thom","title":{"rendered":"C\u1ee7 sen k\u1eb9p th\u01a1m"},"content":{"rendered":"<p>C\u1ee7 Sen K\u1eb9p Th\u01a1m C\u1ee7 sen k\u1eb9p th\u01a1m l\u00e0 m\u1ed9t sa\u0309n ph\u1ea9m \u0103n v\u1eb7t \u01b0a thi\u0301ch cho b\u1edfi no\u0301 l\u00e0 s\u1ef1 k\u1ebft h\u1ee3p gi\u1eefa c\u1ee7 sen s\u1ea5y gi\u00f2n r\u1ee5m v\u00e0 m\u1ee9t th\u01a1m chua ng\u1ecdt. T\u1eeb nh\u1eefng c\u1ee7 sen to \u1edf l\u00e0ng sen \u0110\u1ed3ng Th\u00e1p, \u0111\u01b0\u1ee3c s\u1ea5y th\u0103ng hoa gi\u1eef nguy\u00ean v\u1ecb t\u01b0\u01a1i ng\u1ecdt gi\u00f2n k\u1ebft h\u1ee3p m\u1ee9t t\u1eeb tr\u00e1i th\u01a1m t\u01b0\u01a1i chua ng\u1ecdt \u0111\u1eadm v\u1ecb.<br \/>\n\u01afU \u0110I\u1ec2M \u0110\u1ea0C BI\u1ec6T:<br \/>\n\u0110\u1eb7c s\u1ea3n mi\u1ec1n \u0111\u1ea5t sen \u0110\u1ed3ng Th\u00e1p.<br \/>\nC\u1ee7 sen c\u00f3 t\u00ednh b\u00f9i v\u1ecb m\u00e1t, nhi\u1ec1u d\u01b0\u1ee3c t\u00ednh, \u0111\u01b0\u1ee3c \u1ee9ng d\u1ee5ng r\u1ea5t nhi\u1ec1u trong b\u00e0i thu\u1ed1c v\u00e0 m\u00f3n \u0103n b\u1ed5 tr\u1ee3 s\u1ee9c kh\u1ecfe. B\u00ean c\u1ea1nh \u0111\u00f3, th\u01a1m (kh\u00f3m) l\u00e0 lo\u1ea1i tr\u00e1i c\u00e2y v\u00f4 c\u00f9ng ph\u1ed5 bi\u1ebfn \u1edf \u0111\u1ea5t n\u01b0\u1edbc nhi\u1ec7t \u0111\u1edbi nh\u01b0 Vi\u1ec7t Nam v\u1edbi v\u1ecb chua \u0111\u1eb7c tr\u01b0ng v\u00e0 v\u1ecb ng\u1ecdt thanh nhi\u1ec1u \u00edt t\u00f9y v\u00f9ng tr\u1ed3ng, v\u00e0 n\u00f3 l\u00e0 m\u00f3n gi\u1ea3i nhi\u1ec7t ngon kh\u00f3 c\u01b0\u1ee1ng. Khi 2 lo\u1ea1i n\u00e0y k\u1ebft h\u1ee3p th\u00ec ch\u1eafc ch\u1eafn ch\u1ec9 \u0111\u01b0\u1ee3c m\u00f4 t\u1ea3 m\u1ed9t t\u1eeb th\u00f4i: NGON.<br \/>\nC\u00d4NG D\u1ee4NG:<br \/>\nGi\u00e0u dinh d\u01b0\u1ee1ng, ch\u1ea5t x\u01a1 ,vitamin C, vitamin nh\u00f3m B, kho\u00e1ng ch\u1ea5t v\u00e0 ch\u1ea5t \u0111i\u1ec7n gi\u1ea3i.<br \/>\nM\u00f3n \u0103n v\u1eb7t k\u1ebft h\u1ee3p \u0103n ki\u00eang, gi\u1ea3m c\u00e2n<br \/>\nKh\u00f4ng ph\u1ee5 gia, kh\u00f4ng ch\u1ea5t b\u1ea3o qu\u1ea3n, an to\u00e0n cho s\u1ee9c kh\u1ecfe<br \/>\nH\u01af\u1edaNG D\u1eaaN S\u1eec D\u1ee4NG:<br \/>\n\u0102n tr\u1ef1c ti\u1ebfp, \u0103n ngay khi khui bao b\u00ec ,v\u1eeba \u0103n v\u1eeba nh\u00e2m nhi c\u00e1c lo\u1ea1i tr\u00e0 l\u00e0 tuy\u1ec7t h\u1ea3o.<br \/>\nChay, M\u1eb7n \u0111\u1ec1u d\u00f9ng \u0111\u01b0\u1ee3c.<br \/>\nTH\u00d4NG TIN S\u1ea2N PH\u1ea8M:<br \/>\nH\u01b0\u01a1ng v\u1ecb : gi\u00f2n b\u00f9i t\u1eeb c\u1ee7 sen, chua ng\u1ecdt t\u1eeb m\u1ee9t th\u01a1m t\u01b0\u01a1i.<br \/>\nB\u1ea3o qu\u1ea3n: \u0110\u1ec3 b\u00e1nh n\u01a1i kh\u00f4 ra\u0301o thoa\u0301ng ma\u0301t, \u0111o\u0301ng ki\u0301n ho\u0103\u0323c \u0111\u00ea\u0309 tu\u0309 ng\u0103n m\u00e1t \u0111\u00ea\u0309 gi\u01b0\u0303 \u0111\u00f4\u0323 gio\u0300n.<br \/>\nTh\u1eddi h\u1ea1n s\u1eed d\u1ee5ng: 12 th\u00e1ng k\u1ec3 t\u1eeb ng\u00e0y s\u1ea3n xu\u1ea5t<br \/>\nQui c\u00e1ch: h\u1ee7 150gr , 300gr<br \/>\n#cusensay #sensay #khom #mutthom #quatangdacsan #anvat #anvatngon #sanphamanvat #muttraicay<br \/>\n#healthy #banhankieng #banhcusen #cusen #cusenkepthom #thom #dacsanDongThap #banhankieng #thucphameatclean #thucphamsach #eatclean #ankieng #itbeo #gym #gymfood #banhkeotet #dacsan #dac_san #\u0111\u1eb7cs\u1ea3n\u0111\u1ed3ngth\u00e1p #dac_san_dong_thap #cusenkho #cu_sen_kho #sen #cu_sen #dongthap #healthy #quatang #quabieu #cusenkepthom #senthom #mutthom #muttraithom #monngon #thom #chuangot<\/p>\n","protected":false},"excerpt":{"rendered":"<p>C\u1ee7 Sen K\u1eb9p Th\u01a1m C\u1ee7 sen k\u1eb9p th\u01a1m l\u00e0 m\u1ed9t sa\u0309n ph\u1ea9m \u0103n v\u1eb7t \u01b0a thi\u0301ch cho b\u1edfi no\u0301 l\u00e0 s\u1ef1 k\u1ebft h\u1ee3p gi\u1eefa c\u1ee7 sen s\u1ea5y gi\u00f2n r\u1ee5m v\u00e0 m\u1ee9t th\u01a1m chua ng\u1ecdt. T\u1eeb nh\u1eefng c\u1ee7 sen to \u1edf l\u00e0ng sen \u0110\u1ed3ng Th\u00e1p, \u0111\u01b0\u1ee3c s\u1ea5y th\u0103ng hoa gi\u1eef nguy\u00ean v\u1ecb t\u01b0\u01a1i ng\u1ecdt gi\u00f2n k\u1ebft [&hellip;]<\/p>\n","protected":false},"featured_media":1631,"template":"","meta":[],"product_brand":[57],"product_cat":[35],"product_tag":[92,89],"class_list":{"0":"post-1949","1":"product","2":"type-product","3":"status-publish","4":"has-post-thumbnail","6":"product_brand-amap-food","7":"product_cat-dac-san","8":"product_tag-dong-thap","9":"product_tag-say","10":"product_shipping_class-a","12":"first","13":"instock","14":"taxable","15":"shipping-taxable","16":"purchasable","17":"product-type-variable"},"_links":{"self":[{"href":"https:\/\/www.chiecbepamap.com\/amap\/index.php?rest_route=\/wp\/v2\/product\/1949","targetHints":{"allow":["GET"]}}],"collection":[{"href":"https:\/\/www.chiecbepamap.com\/amap\/index.php?rest_route=\/wp\/v2\/product"}],"about":[{"href":"https:\/\/www.chiecbepamap.com\/amap\/index.php?rest_route=\/wp\/v2\/types\/product"}],"wp:featuredmedia":[{"embeddable":true,"href":"https:\/\/www.chiecbepamap.com\/amap\/index.php?rest_route=\/wp\/v2\/media\/1631"}],"wp:attachment":[{"href":"https:\/\/www.chiecbepamap.com\/amap\/index.php?rest_route=%2Fwp%2Fv2%2Fmedia&parent=1949"}],"wp:term":[{"taxonomy":"product_brand","embeddable":true,"href":"https:\/\/www.chiecbepamap.com\/amap\/index.php?rest_route=%2Fwp%2Fv2%2Fproduct_brand&post=1949"},{"taxonomy":"product_cat","embeddable":true,"href":"https:\/\/www.chiecbepamap.com\/amap\/index.php?rest_route=%2Fwp%2Fv2%2Fproduct_cat&post=1949"},{"taxonomy":"product_tag","embeddable":true,"href":"https:\/\/www.chiecbepamap.com\/amap\/index.php?rest_route=%2Fwp%2Fv2%2Fproduct_tag&post=1949"}],"curies":[{"name":"wp","href":"https:\/\/api.w.org\/{rel}","templated":true}]}}