{"id":1946,"date":"2025-09-24T15:35:15","date_gmt":"2025-09-24T15:35:15","guid":{"rendered":"https:\/\/www.chiecbepamap.com\/amap\/?post_type=product&#038;p=1946"},"modified":"2025-10-18T14:40:34","modified_gmt":"2025-10-18T14:40:34","slug":"toi-den-ly-son","status":"publish","type":"product","link":"https:\/\/www.chiecbepamap.com\/amap\/?product=toi-den-ly-son","title":{"rendered":"T\u1ecfi \u0111en L\u00fd S\u01a1n"},"content":{"rendered":"<p>T\u1eceI \u0110EN L\u00dd S\u01a0N<br \/>\nT\u1ecfi L\u00fd S\u01a1n l\u00e0 m\u1ed9t trong nh\u1eefng \u0111\u1eb7c s\u1ea3n n\u1ed5i ti\u1ebfng \u1edf Qu\u1ea3ng Ng\u00e3i v\u00e0 \u0111\u01b0\u1ee3c m\u1ec7nh danh l\u00e0 \u201cvua\u201d c\u1ee7a c\u00e1c lo\u1ea1i t\u1ecfi nh\u1edd v\u00e0o nh\u1eefng c\u00f4ng d\u1ee5ng tuy\u1ec7t v\u1eddi \u0111\u1ed1i v\u1edbi s\u1ee9c kh\u1ecfe. Hi\u1ec7n t\u1ea1i t\u1ecfi \u0111en \u0111\u00e3 tr\u1edf th\u00e0nh m\u1ed9t th\u00e0nh ph\u1ea7n \u0111\u01b0\u1ee3c t\u00ecm ki\u1ebfm v\u00e0 s\u1eed d\u1ee5ng trong \u1ea9m th\u1ef1c cao c\u1ea5p.<br \/>\nT\u1ecfi \u0111en l\u00e0 t\u1ecfi kh\u00f4 \u0111\u01b0\u1ee3c chuy\u1ec3n m\u00e0u \u0111en t\u1eeb t\u1ecfi tr\u1eafng th\u00f4ng th\u01b0\u1eddng b\u1eb1ng ph\u1ea3n \u1ee9ng Maillard. Qu\u00e1 tr\u00ecnh n\u00e0y \u0111\u01b0\u1ee3c th\u1ef1c hi\u1ec7n b\u1eb1ng c\u00e1ch nung n\u00f3ng to\u00e0n b\u1ed9 c\u1ee7 t\u1ecfi v\u1edbi nhi\u1ec7t \u0111\u1ed9 kh\u00e1c nhau trong su\u1ed1t v\u00e0i tu\u1ea7n, m\u1ed9t qu\u00e1 tr\u00ecnh t\u1ea1o ra nh\u00e2n (t\u00e9p t\u1ecfi) m\u00e0u \u0111en.<\/p>\n<p>\u01afU \u0110I\u1ec2M \u0110\u1eb6C BI\u1ec6T:<br \/>\nT\u1ecfi \u0111en th\u00e0nh ph\u1ea9m d\u1ea1ng t\u1ecfi 1 nh\u00e1nh, v\u1ecf n\u00e2u-v\u00e0ng, b\u00ean trong m\u00e0u \u0111en, m\u00f9i th\u01a1m d\u1ecbu. Khi \u0103n c\u00f3 v\u1ecb thanh ng\u1ecdt t\u1ef1 nhi\u00ean, gi\u1ed1ng tr\u00e1i c\u00e2y s\u1ea5y d\u1ebbo, \u0111\u1eadm \u0111\u00e0, kh\u00f4ng c\u00f3 v\u1ecb \u0103n cay, n\u1ed3ng nh\u01b0 t\u1ecfi tr\u1eafng.<\/p>\n<p>C\u00d4NG D\u1ee4NG:<br \/>\n\u2013 Gi\u1ea3m stress, gi\u00fap ng\u1ee7 ngon, gi\u1ea3m m\u1ee1 m\u00e1u, \u1ed5n \u0111\u1ecbnh huy\u1ebft \u00e1p<br \/>\n\u2013 B\u1ea3o v\u1ec7 gan, tr\u1ebb h\u00f3a l\u00e0ng da, b\u1ea3o v\u1ec7 tim m\u1ea1nh, ph\u00f2ng ng\u1eeba ung th\u01b0<br \/>\n\u2013 H\u1ed7 tr\u1ee3 ti\u00eau h\u00f3a, gi\u00fap \u0103n ngon, t\u0103ng c\u01b0\u1eddng ch\u1ee9c n\u0103ng sinh l\u00fd<br \/>\n\u2013 Ng\u0103n ng\u1eeba x\u01a1 c\u1ee9ng \u0111\u1ed9ng m\u1ea1ch, c\u1ea3i thi\u1ec7n ho\u00e0n to\u00e0n tri\u1ec7u ch\u1ee9ng t\u00ea tay<br \/>\n\u2013 Ki\u1ec3m so\u00e1t ti\u1ec3u \u0111\u01b0\u1eddng, t\u0103ng c\u01b0\u1eddng s\u1ee9c \u0111\u1ec1 kh\u00e1ng<br \/>\n\u2013 L\u00e0m gi\u1ea3m cholesterol do t\u00e1c d\u1ee5ng oxi h\u00f3a m\u1ea1nh. R\u1ea5t t\u1ed1t cho ng\u01b0\u1eddi c\u00f3 m\u1ee1 m\u00e1u cao<br \/>\n\u2013 H\u1ed7 tr\u1ee3 ch\u1ee9c n\u0103ng th\u1eadn v\u00e0 gi\u1ea3m c\u00e2n an to\u00e0n<br \/>\n\u2013 Ngo\u00e0i ra t\u1ecfi \u0111en L\u00fd S\u01a1n c\u00f2n c\u00f3 c\u00f4ng d\u1ee5ng l\u00e0m gi\u1ea3m vi\u00eam \u0111au kh\u1edbp \u1edf ng\u01b0\u1eddi c\u00f3 tu\u1ed5i<\/p>\n<p>H\u01af\u1edaNG D\u1eaaN S\u1eec D\u1ee4NG:<br \/>\n1. \u0102n tr\u1ef1c ti\u1ebfp<br \/>\nNg\u01b0\u1eddi b\u00ecnh th\u01b0\u1eddng c\u00f3 th\u1ec3 \u0103n 1-3 c\u1ee7 t\u1ecfi \u0111en (kho\u1ea3ng 3 &#8211; 5 gram) tr\u01b0\u1edbc b\u1eefa \u0103n s\u00e1ng 30 ph\u00fat<br \/>\nNh\u1eefng ng\u01b0\u1eddi b\u1ecb \u0111au d\u1ea1 d\u00e0y n\u00ean \u0103n sau b\u1eefa \u0103n 1 ti\u1ebfng.<br \/>\n2. Ng\u00e2m v\u1edbi m\u1eadt ong, r\u01b0\u1ee3u&#8230;<\/p>\n<p>TH\u00d4NG TIN S\u1ea2N PH\u1ea8M:<br \/>\nTh\u00e0nh ph\u1ea7n: 100% t\u1ecfi c\u00f4 \u0111\u01a1n L\u00fd S\u01a1n<br \/>\nHSD: 6 th\u00e1ng k\u1ec3 t\u1eeb ng\u00e0y s\u1ea3n xu\u1ea5t<br \/>\nXu\u1ea5t x\u1ee9: L\u00fd S\u01a1n<br \/>\n\u0110\u00f3ng g\u00f3i: t\u00fai zip 150g,300gr,500gr<\/p>\n<p>#toiden #toidencodon #toidenmotnhanh #blackgarlic #toidenhanquoc #toidencaocap<br \/>\n#toiden #giammo #laohoa #chonglaohoa #tangdekhang #ungthu #toikimcuong #toidencodon #toiden1nhanh #toicodon #toidenchatluong #toidencaocap #toidenhomemade<br \/>\n#toi #toilison #ToiLySon #toilysonchinhgoc #toidenlyson #lyson #dacsanlyson #dacsan #toicodonloaingon #toingon #quatang #quabieu #quatangcaocap #suckhoe #thucpham #nguoilontuoi #t\u00e1ngucdekhang #healthy #ankieng #giamcan<\/p>\n","protected":false},"excerpt":{"rendered":"<p>T\u1eceI \u0110EN L\u00dd S\u01a0N T\u1ecfi L\u00fd S\u01a1n l\u00e0 m\u1ed9t trong nh\u1eefng \u0111\u1eb7c s\u1ea3n n\u1ed5i ti\u1ebfng \u1edf Qu\u1ea3ng Ng\u00e3i v\u00e0 \u0111\u01b0\u1ee3c m\u1ec7nh danh l\u00e0 \u201cvua\u201d c\u1ee7a c\u00e1c lo\u1ea1i t\u1ecfi nh\u1edd v\u00e0o nh\u1eefng c\u00f4ng d\u1ee5ng tuy\u1ec7t v\u1eddi \u0111\u1ed1i v\u1edbi s\u1ee9c kh\u1ecfe. Hi\u1ec7n t\u1ea1i t\u1ecfi \u0111en \u0111\u00e3 tr\u1edf th\u00e0nh m\u1ed9t th\u00e0nh ph\u1ea7n \u0111\u01b0\u1ee3c t\u00ecm ki\u1ebfm v\u00e0 s\u1eed d\u1ee5ng [&hellip;]<\/p>\n","protected":false},"featured_media":1729,"template":"","meta":[],"product_brand":[57],"product_cat":[35],"product_tag":[88,89],"class_list":{"0":"post-1946","1":"product","2":"type-product","3":"status-publish","4":"has-post-thumbnail","6":"product_brand-amap-food","7":"product_cat-dac-san","8":"product_tag-ly-son","9":"product_tag-say","10":"product_shipping_class-a","12":"first","13":"instock","14":"taxable","15":"shipping-taxable","16":"purchasable","17":"product-type-variable"},"_links":{"self":[{"href":"https:\/\/www.chiecbepamap.com\/amap\/index.php?rest_route=\/wp\/v2\/product\/1946","targetHints":{"allow":["GET"]}}],"collection":[{"href":"https:\/\/www.chiecbepamap.com\/amap\/index.php?rest_route=\/wp\/v2\/product"}],"about":[{"href":"https:\/\/www.chiecbepamap.com\/amap\/index.php?rest_route=\/wp\/v2\/types\/product"}],"wp:featuredmedia":[{"embeddable":true,"href":"https:\/\/www.chiecbepamap.com\/amap\/index.php?rest_route=\/wp\/v2\/media\/1729"}],"wp:attachment":[{"href":"https:\/\/www.chiecbepamap.com\/amap\/index.php?rest_route=%2Fwp%2Fv2%2Fmedia&parent=1946"}],"wp:term":[{"taxonomy":"product_brand","embeddable":true,"href":"https:\/\/www.chiecbepamap.com\/amap\/index.php?rest_route=%2Fwp%2Fv2%2Fproduct_brand&post=1946"},{"taxonomy":"product_cat","embeddable":true,"href":"https:\/\/www.chiecbepamap.com\/amap\/index.php?rest_route=%2Fwp%2Fv2%2Fproduct_cat&post=1946"},{"taxonomy":"product_tag","embeddable":true,"href":"https:\/\/www.chiecbepamap.com\/amap\/index.php?rest_route=%2Fwp%2Fv2%2Fproduct_tag&post=1946"}],"curies":[{"name":"wp","href":"https:\/\/api.w.org\/{rel}","templated":true}]}}