{"id":1944,"date":"2025-09-24T15:35:14","date_gmt":"2025-09-24T15:35:14","guid":{"rendered":"https:\/\/www.chiecbepamap.com\/amap\/?post_type=product&#038;p=1944"},"modified":"2025-10-18T15:40:29","modified_gmt":"2025-10-18T15:40:29","slug":"tom-say-nang","status":"publish","type":"product","link":"https:\/\/www.chiecbepamap.com\/amap\/?product=tom-say-nang","title":{"rendered":"T\u00f4m say n\u1eafng"},"content":{"rendered":"<p>T\u00d4M SAY N\u1eaeNG &#8211; \u0102N SAY \u0110\u1eaeM<br \/>\nT\u00f4m ph\u01a1i d\u01b0\u1edbi n\u1eafng, kh\u00f4ng d\u00f9ng c\u00f4ng ngh\u1ec7 s\u1ea5y n\u00ean kh\u00f4ng ph\u1ea3i t\u00f4m s\u1ea5y d\u1ebbo !<br \/>\nS\u1ea3n ph\u1ea9m th\u1ee7 c\u00f4ng nh\u00e0 l\u00e0m v\u1edbi c\u00f4ng th\u1ee9c ri\u00eang bi\u1ec7t, mang m\u00f9i v\u1ecb ko th\u1ec3 tr\u1ed9n l\u1eabn v\u1edbi c\u00e1c s\u1ea3n ph\u1ea9m t\u00f4m n\u00e0o kh\u00e1c. T\u00f4m ngon ph\u00f9 h\u1ee3p v\u1edbi m\u1ecdi ng\u01b0\u1eddi v\u00e0 l\u00e0 m\u00f3n qu\u00e0 \u0111\u1ed9c \u0111\u00e1o \u0111\u1ec3 l\u1ef1a ch\u1ecdn bi\u1ebfu t\u1eb7ng. \u01afU \u0110I\u1ec2M \u0110\u1eb6C BI\u1ec6T:<br \/>\n\u0110\u01b0\u1ee3c ch\u1ecdn l\u1ecdc t\u1eeb 100% t\u00f4m s\u1ed1ng sau khi l\u00e0m s\u1ea1ch \u0111\u01b0\u1ee3c \u01b0\u1edbp qua gia v\u1ecb, r\u1ed3i ph\u01a1i tr\u1ef1c ti\u1ebfp d\u01b0\u1edbi \u00e1nh n\u1eafng m\u1eb7t tr\u1eddi . Sau \u0111\u00f3 \u0111\u00f3ng g\u00f3i b\u1ea3o qu\u1ea3n ngay vao ng\u0103n \u0111\u00f4ng n\u00ean \u0111\u1ed9 t\u01b0\u01a1i ngon lu\u00f4n \u0111\u1ea3m b\u1ea3o.<br \/>\nC\u00e1c c\u00f4ng \u0111o\u1ea1n \u0111\u01b0\u1ee3c l\u00e0m th\u1ee7 c\u00f4ng ho\u00e0n to\u00e0n, gia v\u1ecb c\u01a1 b\u1ea3n nh\u1ea5t khi t\u1ea9m \u01b0\u1edbp \u0111\u1ec3 v\u1ecb t\u00f4m \u0111\u01b0\u1ee3c tr\u1ecdn v\u1eb9n.<br \/>\nKh\u00f4ng ph\u1ea9m m\u00e0u, ko ch\u1ea5t b\u1ea3o qu\u1ea3n.<br \/>\nH\u01af\u1edaNG D\u1eaaN S\u1eec D\u1ee4NG:: &#8211; Sau khi r\u00e3 \u0111\u00f4ng, b\u1ea1n s\u1eed d\u1ee5ng n\u1ed3i chi\u00ean ko d\u1ea7u th\u00ec v\u1eb7n chi\u00ean kho\u1ea3ng 3-4p (180-190 \u0111\u1ed9) l\u00e0 c\u00f3 th\u1ec3 d\u00f9ng \u0111\u01b0\u1ee3c. &#8211; N\u1ebfu chi\u00ean ch\u1ea3o hay n\u01b0\u1edbng than ch\u1ec9 c\u1ea7n tr\u1edf qua l\u1ea1i 2-3p cho t\u00f4m v\u00e0ng \u0111\u1ec1u, ch\u00edn th\u01a1m d\u1eady m\u00f9i l\u00e0 th\u01b0\u1edfng th\u1ee9c ngay.<br \/>\n&#8211; C\u00f3 th\u1ec3 d\u00f9ng k\u00e8m c\u00e1c lo\u1ea1i n\u01b0\u1edbc ch\u1ea5m \u0111\u1ec3 th\u00eam l\u1ea1 mi\u1ec7ng v\u00e0 \u0111\u1eadm \u0111\u00e0 h\u01a1n. TH\u00d4NG TIN S\u1ea2N PH\u1ea8M:<br \/>\nTh\u00e0nh ph\u1ea9m: T\u00f4m th\u1ecbt trong v\u1eaft, th\u01a1m, m\u00e0u s\u1eafc h\u1ea5p d\u1eabn ( \u0111\u1eadm hay nh\u1ea1t tu\u1ef3 v\u00e0o \u0111\u1ed9 cay) .<br \/>\nC\u00f3 nhi\u1ec1u c\u1ea5p \u0111\u1ed9 cay n\u00ean kh\u00e1ch c\u00f3 th\u1ec3 tu\u1ef3 ch\u1ecdn.<br \/>\nNguy\u00ean li\u1ec7u: T\u00f4m, gia v\u1ecb.<br \/>\n\u0110\u00f3ng g\u00f3i: T\u00fai 100gr,200gr, 500gr<br \/>\nH\u1ea1n S\u1eed D\u1ee5ng: 3 Th\u00e1ng k\u1ec3 t\u1eeb ng\u00e0y s\u1ea3n xu\u1ea5t.<br \/>\nB\u1ea3o qu\u1ea3n: g\u00f3i k\u00edn t\u00f4m r\u1ed3i cho v\u00e0o ng\u0103n \u0111\u00f4ng t\u1ee7 l\u1ea1nh .<br \/>\n#anvatchonloc #anvatngon #anvathottrend #anvatchatluong #doandulich #doanvat #anvathealthy #healthy #doannhanh #anvatuytin #shopuytin #tomsaymuoiot #tomtamsay #tomsaydeo #khotom #tomsay #tomanlien #khobo #khomuc #haisansay #saydeo #hottrend #tomtam #haisan #haisankho #haisantuoisong #Dacsan #dacsanmientay #t\u00f4mkhonh\u00e0l\u00e0m #tom #tomsong #tom1nang #tombepamap #haisan1nang #tomtuoisong #haisantuoisong<br \/>\n#quabieu #monngon #tomphoinang #tomsaynang #m\u00f3n_ngon #m\u1ed3i_nh\u1eadu #th\u1ef1c_ph\u1ea9m_kh\u00f4 #\u0111\u1ed3_kh\u00f4 #kh\u00f4 #thucphamkho<\/p>\n","protected":false},"excerpt":{"rendered":"<p>T\u00d4M SAY N\u1eaeNG &#8211; \u0102N SAY \u0110\u1eaeM T\u00f4m ph\u01a1i d\u01b0\u1edbi n\u1eafng, kh\u00f4ng d\u00f9ng c\u00f4ng ngh\u1ec7 s\u1ea5y n\u00ean kh\u00f4ng ph\u1ea3i t\u00f4m s\u1ea5y d\u1ebbo ! S\u1ea3n ph\u1ea9m th\u1ee7 c\u00f4ng nh\u00e0 l\u00e0m v\u1edbi c\u00f4ng th\u1ee9c ri\u00eang bi\u1ec7t, mang m\u00f9i v\u1ecb ko th\u1ec3 tr\u1ed9n l\u1eabn v\u1edbi c\u00e1c s\u1ea3n ph\u1ea9m t\u00f4m n\u00e0o kh\u00e1c. T\u00f4m ngon ph\u00f9 h\u1ee3p v\u1edbi m\u1ecdi ng\u01b0\u1eddi [&hellip;]<\/p>\n","protected":false},"featured_media":1763,"template":"","meta":[],"product_brand":[57],"product_cat":[35],"product_tag":[85,86],"class_list":{"0":"post-1944","1":"product","2":"type-product","3":"status-publish","4":"has-post-thumbnail","6":"product_brand-amap-food","7":"product_cat-dac-san","8":"product_tag-ninh-thuan","9":"product_tag-thuc-pham-tuoi-song","10":"product_shipping_class-a","12":"first","13":"instock","14":"taxable","15":"shipping-taxable","16":"purchasable","17":"product-type-variable"},"_links":{"self":[{"href":"https:\/\/www.chiecbepamap.com\/amap\/index.php?rest_route=\/wp\/v2\/product\/1944","targetHints":{"allow":["GET"]}}],"collection":[{"href":"https:\/\/www.chiecbepamap.com\/amap\/index.php?rest_route=\/wp\/v2\/product"}],"about":[{"href":"https:\/\/www.chiecbepamap.com\/amap\/index.php?rest_route=\/wp\/v2\/types\/product"}],"wp:featuredmedia":[{"embeddable":true,"href":"https:\/\/www.chiecbepamap.com\/amap\/index.php?rest_route=\/wp\/v2\/media\/1763"}],"wp:attachment":[{"href":"https:\/\/www.chiecbepamap.com\/amap\/index.php?rest_route=%2Fwp%2Fv2%2Fmedia&parent=1944"}],"wp:term":[{"taxonomy":"product_brand","embeddable":true,"href":"https:\/\/www.chiecbepamap.com\/amap\/index.php?rest_route=%2Fwp%2Fv2%2Fproduct_brand&post=1944"},{"taxonomy":"product_cat","embeddable":true,"href":"https:\/\/www.chiecbepamap.com\/amap\/index.php?rest_route=%2Fwp%2Fv2%2Fproduct_cat&post=1944"},{"taxonomy":"product_tag","embeddable":true,"href":"https:\/\/www.chiecbepamap.com\/amap\/index.php?rest_route=%2Fwp%2Fv2%2Fproduct_tag&post=1944"}],"curies":[{"name":"wp","href":"https:\/\/api.w.org\/{rel}","templated":true}]}}