{"id":1940,"date":"2025-09-24T15:35:14","date_gmt":"2025-09-24T15:35:14","guid":{"rendered":"https:\/\/www.chiecbepamap.com\/amap\/?post_type=product&#038;p=1940"},"modified":"2025-10-19T11:04:06","modified_gmt":"2025-10-19T11:04:06","slug":"tom-dat-kho-lot-vo-loai-1","status":"publish","type":"product","link":"https:\/\/www.chiecbepamap.com\/amap\/?product=tom-dat-kho-lot-vo-loai-1","title":{"rendered":"T\u00f4m \u0111\u1ea5t kh\u00f4 l\u1ed9t v\u1ecf Lo\u1ea1i 1"},"content":{"rendered":"<p>T\u00f4m \u0110\u1ea5t Kh\u00f4 C\u00e0 Mau Size Lo\u1ea1i 1 T\u00f4m \u0111\u1ea5t l\u1ed9t v\u1ecf s\u1ea1ch, size to, l\u00e0m qu\u00e0 t\u1eb7ng c\u00f3 gi\u00e1 tr\u1ecb cao.<br \/>\n\u0110\u01b0\u1ee3c l\u00e0m t\u1eeb t\u00f4m \u0111\u1ea5t s\u1ed1ng v\u00f9ng sinh th\u00e1i t\u1ef1 nhi\u00ean, v\u00f9ng n\u00e0y c\u00f3 l\u01b0\u1ee3ng th\u1ee9c \u0103n d\u1ed3i d\u00e0o n\u00ean T\u00f4m \u0111\u1ea5t kh\u00f4 \u01b0u \u0111i\u1ec3m l\u00e0 dai, \u0103n r\u1ea5t ng\u1ecdt v\u00e0 c\u00f3 v\u1ecb ng\u1ecdt h\u1eadu. T\u00f4m \u0111\u1ea5t kh\u00f4 r\u1ea5t ph\u00f9 h\u1ee3p \u0111\u1ec3 \u0103n ch\u01a1i, \u0103n c\u1ee7 ki\u1ec7u hay l\u00e0m qu\u00e0 bi\u1ebfu ng\u01b0\u1eddi th\u00e2n cho gi\u00e1 tr\u1ecb.<br \/>\nT\u00f4m kh\u00f4 \u0111\u1ea5t C\u00e0 Mau sau khi h\u1ea5p ch\u00edn, ph\u01a1i kh\u00f4 theo c\u00e1ch th\u1ee7 c\u00f4ng ho\u00e0n to\u00e0n, m\u00e0u s\u1eafc v\u00e0 h\u01b0\u01a1ng v\u1ecb t\u1ef1 nhi\u00ean v\u1ed1n c\u00f3.<br \/>\n\u01afU \u0110I\u1ec2M \u0110\u1eb6C BI\u1ec6T:<br \/>\n&#8211; \u0110\u00fang t\u00f4m \u0111\u1ea5t thi\u00ean nhi\u00ean C\u00e0 Mau<br \/>\n&#8211; Quy tr\u00ecnh th\u1ee7 c\u00f4ng ho\u00e0n to\u00e0n<br \/>\n&#8211; T\u00f4m dai, ng\u1ecdt, th\u01a1m<br \/>\n&#8211; Kh\u00f4ng ch\u1ea5t b\u1ea3o qu\u1ea3n ,ko ph\u1ea9m m\u00e0u.<br \/>\n&#8211; Kh\u00f4ng nghe m\u00f9i tanh ,kh\u00f4ng m\u1eb7n nh\u01b0 t\u00f4m bi\u1ec3n kh\u00f4.<br \/>\nH\u01af\u1edaNG D\u1eaaN S\u1eec D\u1ee4NG:<br \/>\n-\u0102n tr\u1ef1c ti\u1ebfp, ,\u0103n k\u00e8m c\u1ee7 ki\u1ec7u, nh\u00e2m nhi m\u1ed7i d\u1ecbp sum v\u1ea7y,&#8230;<br \/>\n-D\u00f9ng ch\u1ebf bi\u1ebfn c\u00e1c m\u00f3n \u0103n :g\u1ecfi, kho qu\u1eb9t, canh,&#8230;<br \/>\nTH\u00d4NG TIN S\u1ea2N PH\u1ea8M:<br \/>\nTh\u00e0nh ph\u1ea7n: 100% t\u00f4m \u0111\u1ea5t C\u00e0 Mau.<br \/>\nXu\u1ea5t x\u1ee9: N\u0103m C\u0103n ,C\u00e0 Mau<br \/>\nB\u1ea3o Qu\u1ea3n: \u0111\u00f3ng k\u00edn b\u1ea3o qu\u1ea3n ng\u0103n \u0111\u00f4ng ho\u1eb7c ng\u0103n m\u00e1t t\u1ee7 l\u1ea1nh.<br \/>\nHSD: 12 th\u00e1ng t\u1eeb ng\u00e0y s\u1ea3n xu\u1ea5t.<br \/>\n\u0110\u00f3ng g\u00f3i: T\u00fai zip 100gr, 200gr, 500gr<br \/>\n#tomkholoai1 #dacsan #quatang #quabieu #\u0111\u1eb7c_s\u1ea3n #qu\u00e0_t\u1eb7ng #qu\u00e0_bi\u1ebfu #c\u00e0_mau #kh\u00f4_ch\u1ea5t_l\u01b0\u1ee3ng #h\u1ea3i_s\u1ea3n_kh\u00f4 #haisankho #m\u00f3n_ngon #monngon #t\u00f4m_kh\u00f4_lo\u1ea1i_1 #tomkholoai1 #tomkhocamau #t\u00f4m_kh\u00f4_c\u00e0_mau #t\u00f4m_kh\u00f4_\u0103n_li\u1ec1n #tomkho1kg #tomkhocukieu #haisansaykho #h\u1ea3i_s\u1ea3n_s\u1ea5y_kh\u00f4 #dacsan #dacsancamau #monngoncamau #haisankhongon #\u0103n_v\u1eb7t #\u0111\u1ed3_\u0103n_v\u1eb7t #tomkho #t\u00f4m_kh\u00f4 #tom_kho #tomkhokhoquet #t\u00f4m_kho_lo\u1ea1i_l\u1edbn #tomdatkho #tomdatcamau #tomdatsizelon #th\u1ef1c_ph\u1ea9m_kh\u00f4 #\u0111\u1ed3_kh\u00f4 #kh\u00f4 #thucphamkho #dokho #ca #mau #camau #nam #can #chinhhieu #thuc #pham #kho #tomdat #tomkhonhalam #tomdatsong<\/p>\n","protected":false},"excerpt":{"rendered":"<p>T\u00f4m \u0110\u1ea5t Kh\u00f4 C\u00e0 Mau Size Lo\u1ea1i 1 T\u00f4m \u0111\u1ea5t l\u1ed9t v\u1ecf s\u1ea1ch, size to, l\u00e0m qu\u00e0 t\u1eb7ng c\u00f3 gi\u00e1 tr\u1ecb cao. \u0110\u01b0\u1ee3c l\u00e0m t\u1eeb t\u00f4m \u0111\u1ea5t s\u1ed1ng v\u00f9ng sinh th\u00e1i t\u1ef1 nhi\u00ean, v\u00f9ng n\u00e0y c\u00f3 l\u01b0\u1ee3ng th\u1ee9c \u0103n d\u1ed3i d\u00e0o n\u00ean T\u00f4m \u0111\u1ea5t kh\u00f4 \u01b0u \u0111i\u1ec3m l\u00e0 dai, \u0103n r\u1ea5t ng\u1ecdt v\u00e0 c\u00f3 v\u1ecb [&hellip;]<\/p>\n","protected":false},"featured_media":1753,"template":"","meta":[],"product_brand":[57],"product_cat":[35],"product_tag":[83,84],"class_list":{"0":"post-1940","1":"product","2":"type-product","3":"status-publish","4":"has-post-thumbnail","6":"product_brand-amap-food","7":"product_cat-dac-san","8":"product_tag-ca-mau","9":"product_tag-kho","10":"product_shipping_class-a","12":"first","13":"instock","14":"taxable","15":"shipping-taxable","16":"purchasable","17":"product-type-variable"},"_links":{"self":[{"href":"https:\/\/www.chiecbepamap.com\/amap\/index.php?rest_route=\/wp\/v2\/product\/1940","targetHints":{"allow":["GET"]}}],"collection":[{"href":"https:\/\/www.chiecbepamap.com\/amap\/index.php?rest_route=\/wp\/v2\/product"}],"about":[{"href":"https:\/\/www.chiecbepamap.com\/amap\/index.php?rest_route=\/wp\/v2\/types\/product"}],"wp:featuredmedia":[{"embeddable":true,"href":"https:\/\/www.chiecbepamap.com\/amap\/index.php?rest_route=\/wp\/v2\/media\/1753"}],"wp:attachment":[{"href":"https:\/\/www.chiecbepamap.com\/amap\/index.php?rest_route=%2Fwp%2Fv2%2Fmedia&parent=1940"}],"wp:term":[{"taxonomy":"product_brand","embeddable":true,"href":"https:\/\/www.chiecbepamap.com\/amap\/index.php?rest_route=%2Fwp%2Fv2%2Fproduct_brand&post=1940"},{"taxonomy":"product_cat","embeddable":true,"href":"https:\/\/www.chiecbepamap.com\/amap\/index.php?rest_route=%2Fwp%2Fv2%2Fproduct_cat&post=1940"},{"taxonomy":"product_tag","embeddable":true,"href":"https:\/\/www.chiecbepamap.com\/amap\/index.php?rest_route=%2Fwp%2Fv2%2Fproduct_tag&post=1940"}],"curies":[{"name":"wp","href":"https:\/\/api.w.org\/{rel}","templated":true}]}}